{"id":12,"date":"2012-02-17T17:43:53","date_gmt":"2012-02-17T16:43:53","guid":{"rendered":"http:\/\/www.vcvl.be\/site\/?page_id=12"},"modified":"2019-09-20T23:14:08","modified_gmt":"2019-09-20T21:14:08","slug":"photos","status":"publish","type":"page","link":"https:\/\/www.vcvl.be\/site\/medias\/nos-photos\/photos\/","title":{"rendered":"Photos de 2004 \u00e0 2011"},"content":{"rendered":"Vous pouvez avoir acc\u00e8s \u00e0 nos nouvelles galeries photos, \u00e0 partir de 2012, en d\u00e9roulant le menu \"Photos\".\r\n\r\nVous trouverez ci-dessous nos galeries photos de 2004 \u00e0 2011.\r\n\r\n&nbsp;\r\n<table border=\"0\" width=\"644\" cellspacing=\"20\" cellpadding=\"0\">\r\n<tbody>\r\n<tr>\r\n<td width=\"243\">\r\n<div align=\"center\"><span style=\"color: #9a3600; font-size: small;\"><em><a href=\"http:\/\/vcvl.be\/3_Photos\/111120_15ans\/index.html\" target=\"_blank\" rel=\"noopener noreferrer\">Notre Concert des 15 ans\r\n20 novembre 2011 &gt;&gt;&gt;<\/a><\/em><\/span><\/div><\/td>\r\n<td width=\"341\" height=\"90\"><img loading=\"lazy\" decoding=\"async\" src=\"http:\/\/vcvl.be\/3_Photos\/111120_15ans\/Concert_15ans.jpg\" alt=\"\" width=\"360\" height=\"90\" border=\"0\" \/><\/td>\r\n<\/tr>\r\n<tr>\r\n<td width=\"243\">\r\n<div align=\"center\"><span style=\"color: #9a3600; font-size: small;\"><em><a href=\"http:\/\/vcvl.be\/3_Photos\/100306_Concert_Namur\/index.html\" target=\"_blank\" rel=\"noopener noreferrer\">Concert \u00e0 Namur\r\n6 mars 2010 &gt;&gt;&gt;<\/a><\/em><\/span><\/div><\/td>\r\n<td width=\"341\" height=\"90\"><img loading=\"lazy\" decoding=\"async\" src=\"http:\/\/vcvl.be\/3_Photos\/100306_Concert_Namur\/Concert-Namur.jpg\" alt=\"\" width=\"360\" height=\"90\" border=\"0\" \/><\/td>\r\n<\/tr>\r\n<tr>\r\n<td width=\"243\">\r\n<div align=\"center\"><span style=\"color: #9a3600; font-size: small;\"><em><a href=\"http:\/\/vcvl.be\/3_Photos\/090704_Marlagne\/index.html\" target=\"_blank\" rel=\"noopener noreferrer\">Concert \u00e0 la Marlagne\r\n4 juillet 2009 &gt;&gt;&gt;<\/a><\/em><\/span><\/div><\/td>\r\n<td width=\"341\" height=\"90\"><img loading=\"lazy\" decoding=\"async\" src=\"http:\/\/vcvl.be\/3_Photos\/090704_Marlagne\/Marlagne2009.jpg\" alt=\"\" width=\"360\" height=\"90\" border=\"0\" \/><\/td>\r\n<\/tr>\r\n<tr>\r\n<td width=\"243\">\r\n<div align=\"center\"><span style=\"color: #9a3600; font-size: small;\"><em><a href=\"http:\/\/vcvl.be\/3_Photos\/090510_Hohwald\/index.html\" target=\"_blank\" rel=\"noopener noreferrer\">Concert \u00e0 Hohwald\r\n10 mai 2009 &gt;&gt;&gt;<\/a><\/em><\/span><\/div><\/td>\r\n<td width=\"341\" height=\"90\"><img loading=\"lazy\" decoding=\"async\" src=\"http:\/\/vcvl.be\/3_Photos\/090510_Hohwald\/Howald.jpg\" alt=\"\" width=\"360\" height=\"90\" border=\"0\" \/><\/td>\r\n<\/tr>\r\n<tr>\r\n<td width=\"243\">\r\n<div align=\"center\"><span style=\"color: #9a3600; font-size: small;\"><em><a href=\"http:\/\/vcvl.be\/3_Photos\/090131_Heiderscheid\/index.html\" target=\"_blank\" rel=\"noopener noreferrer\">Concert \u00e0 Heiderscheid\r\n31 janvier 2009 &gt;&gt;&gt;<\/a><\/em><\/span><\/div><\/td>\r\n<td width=\"341\" height=\"90\"><img loading=\"lazy\" decoding=\"async\" src=\"http:\/\/vcvl.be\/3_Photos\/090131_Heiderscheid\/Heiderscheid.jpg\" alt=\"\" width=\"360\" height=\"90\" border=\"0\" \/><\/td>\r\n<\/tr>\r\n<tr>\r\n<td width=\"243\">\r\n<div align=\"center\"><span style=\"color: #9a3600; font-size: small;\"><em><a href=\"http:\/\/vcvl.be\/3_Photos\/081026_StLoup\/index.html\" target=\"_blank\" rel=\"noopener noreferrer\">Concert \u00e0 St Loup\r\n26 d\u00e9cembre 2008 &gt;&gt;&gt;<\/a><\/em><\/span><\/div><\/td>\r\n<td width=\"341\" height=\"90\"><img loading=\"lazy\" decoding=\"async\" src=\"http:\/\/vcvl.be\/3_Photos\/081026_StLoup\/StLoup_Dec2008.jpg\" alt=\"\" width=\"360\" height=\"90\" border=\"0\" \/><\/td>\r\n<\/tr>\r\n<tr>\r\n<td width=\"243\">\r\n<div align=\"center\"><span style=\"color: #9a3600; font-size: small;\"><em><a href=\"http:\/\/vcvl.be\/3_Photos\/080527_Silly\/index.html\" target=\"_blank\" rel=\"noopener noreferrer\">Concert \u00e0 Silly, (\"Nuit de la Musique\"),\r\nle\u00a017 mai 2008 &gt;&gt;&gt;<\/a><\/em><\/span><\/div><\/td>\r\n<td width=\"341\"><img loading=\"lazy\" decoding=\"async\" src=\"http:\/\/vcvl.be\/3_Photos\/080527_Silly\/silly.jpg\" alt=\"\" width=\"360\" height=\"90\" border=\"0\" \/><\/td>\r\n<\/tr>\r\n<tr>\r\n<td width=\"243\">\r\n<div align=\"center\"><span style=\"color: #9a3600; font-size: small;\"><em><a href=\"http:\/\/vcvl.be\/3_Photos\/0511NOV_Dixans\/index.html\" target=\"_blank\" rel=\"noopener noreferrer\">Le concert des 10 ans:\r\nune s\u00e9lection de 200 photos &gt;&gt;&gt;<\/a><\/em><\/span><\/div><\/td>\r\n<td width=\"341\"><img loading=\"lazy\" decoding=\"async\" src=\"http:\/\/vcvl.be\/3_Photos\/0511NOV_Dixans\/Concert10.jpg\" alt=\"\" width=\"360\" height=\"90\" border=\"0\" \/><\/td>\r\n<\/tr>\r\n<tr>\r\n<td width=\"243\">\r\n<div align=\"center\"><span style=\"color: #9a3600; font-size: small;\"><em><a href=\"http:\/\/vcvl.be\/3_Photos\/070623_Brogne\/index.html\" target=\"_blank\" rel=\"noopener noreferrer\">1er festival des chorales \u00e0 Brogne,\r\nle 23 juin 2007 &gt;&gt;&gt;<\/a><\/em><\/span><\/div><\/td>\r\n<td width=\"341\"><img loading=\"lazy\" decoding=\"async\" src=\"http:\/\/vcvl.be\/3_Photos\/Gallery\/Brogne_juin2007.png\" alt=\"\" width=\"362\" height=\"84\" border=\"0\" \/><\/td>\r\n<\/tr>\r\n<tr>\r\n<td width=\"243\">\r\n<div align=\"center\"><span style=\"color: #9a3600; font-size: small;\"><em><a href=\"http:\/\/vcvl.be\/3_Photos\/070602_Duteil\/index.html\" target=\"_blank\" rel=\"noopener noreferrer\">Concert avec Yves Duteil,\r\nle 2 juin 2007 &gt;&gt;&gt;<\/a><\/em><\/span><\/div><\/td>\r\n<td width=\"341\"><img loading=\"lazy\" decoding=\"async\" src=\"http:\/\/vcvl.be\/3_Photos\/Gallery\/Duteil_Juin2007.png\" alt=\"\" width=\"362\" height=\"82\" border=\"0\" \/><\/td>\r\n<\/tr>\r\n<tr>\r\n<td width=\"243\">\r\n<div align=\"center\"><span style=\"color: #9a3600; font-size: small;\"><em><a href=\"http:\/\/vcvl.be\/3_Photos\/070422_Eghezee\/index.html\" target=\"_blank\" rel=\"noopener noreferrer\">Eghez\u00e9ee,\r\nle 22 avril 2007 &gt;&gt;&gt;<\/a><\/em><\/span><\/div><\/td>\r\n<td width=\"341\"><img loading=\"lazy\" decoding=\"async\" src=\"http:\/\/vcvl.be\/3_Photos\/Gallery\/Eghezee_Avril2007.png\" alt=\"\" width=\"362\" height=\"80\" border=\"0\" \/><\/td>\r\n<\/tr>\r\n<tr>\r\n<td width=\"243\">\r\n<div align=\"center\"><span style=\"color: #9a3600; font-size: small;\"><em><a href=\"http:\/\/vcvl.be\/3_Photos\/040606_MCN\/index.html\" target=\"_blank\" rel=\"noopener noreferrer\">Maison de la Culture de Namur,\r\nle 6 juin 2004 &gt;&gt;&gt;<\/a><\/em><\/span><\/div><\/td>\r\n<td width=\"341\"><img loading=\"lazy\" decoding=\"async\" src=\"http:\/\/vcvl.be\/3_Photos\/Gallery\/M_Culture_Juin2004.png\" alt=\"\" width=\"362\" height=\"83\" border=\"0\" \/><\/td>\r\n<\/tr>\r\n<tr>\r\n<td width=\"243\">\r\n<div align=\"center\"><span style=\"color: #9a3600; font-size: small;\"><em><a href=\"http:\/\/vcvl.be\/3_Photos\/040423_Profondeville\/index.html\" target=\"_blank\" rel=\"noopener noreferrer\">Profondeville,\r\nle 23 avril 2004 &gt;&gt;&gt;<\/a><\/em><\/span><\/div><\/td>\r\n<td width=\"341\"><img loading=\"lazy\" decoding=\"async\" src=\"http:\/\/vcvl.be\/3_Photos\/Gallery\/Profondeville_Avril2004.png\" alt=\"\" width=\"362\" height=\"91\" border=\"0\" \/><\/td>\r\n<\/tr>\r\n<\/tbody>\r\n<\/table>","protected":false},"excerpt":{"rendered":"<p>Vous pouvez avoir acc\u00e8s \u00e0 nos nouvelles galeries photos, \u00e0 partir de 2012, en d\u00e9roulant le menu \u00ab\u00a0Photos\u00a0\u00bb. Vous trouverez ci-dessous nos galeries photos de 2004 \u00e0 2011. &nbsp; Notre Concert des 15 ans 20 novembre 2011 &gt;&gt;&gt; Concert \u00e0 Namur 6 mars 2010 &gt;&gt;&gt; Concert \u00e0 la Marlagne 4 juillet 2009 &gt;&gt;&gt; Concert \u00e0&#8230;<\/p>\n<p><a rel=\"bookmark\" class=\"decibel-button-text wvc-button wvc-button-size-sm\" href=\"https:\/\/www.vcvl.be\/site\/medias\/nos-photos\/photos\/\"><small class=\"wvc-button-background-fill\"><\/small><span>continuer \u00e0 lire<\/span><\/a><\/p>\n","protected":false},"author":1,"featured_media":4625,"parent":538,"menu_order":3,"comment_status":"closed","ping_status":"open","template":"","meta":{"footnotes":""},"aioseo_notices":[],"_links":{"self":[{"href":"https:\/\/www.vcvl.be\/site\/wp-json\/wp\/v2\/pages\/12"}],"collection":[{"href":"https:\/\/www.vcvl.be\/site\/wp-json\/wp\/v2\/pages"}],"about":[{"href":"https:\/\/www.vcvl.be\/site\/wp-json\/wp\/v2\/types\/page"}],"author":[{"embeddable":true,"href":"https:\/\/www.vcvl.be\/site\/wp-json\/wp\/v2\/users\/1"}],"replies":[{"embeddable":true,"href":"https:\/\/www.vcvl.be\/site\/wp-json\/wp\/v2\/comments?post=12"}],"version-history":[{"count":3,"href":"https:\/\/www.vcvl.be\/site\/wp-json\/wp\/v2\/pages\/12\/revisions"}],"predecessor-version":[{"id":4626,"href":"https:\/\/www.vcvl.be\/site\/wp-json\/wp\/v2\/pages\/12\/revisions\/4626"}],"up":[{"embeddable":true,"href":"https:\/\/www.vcvl.be\/site\/wp-json\/wp\/v2\/pages\/538"}],"wp:featuredmedia":[{"embeddable":true,"href":"https:\/\/www.vcvl.be\/site\/wp-json\/wp\/v2\/media\/4625"}],"wp:attachment":[{"href":"https:\/\/www.vcvl.be\/site\/wp-json\/wp\/v2\/media?parent=12"}],"curies":[{"name":"wp","href":"https:\/\/api.w.org\/{rel}","templated":true}]}}