{"id":1795,"date":"2016-12-12T14:49:16","date_gmt":"2016-12-12T13:49:16","guid":{"rendered":"http:\/\/www.vcvl.be\/site\/?page_id=1795"},"modified":"2019-09-20T23:19:33","modified_gmt":"2019-09-20T21:19:33","slug":"boite-a-musique","status":"publish","type":"page","link":"https:\/\/www.vcvl.be\/site\/medias\/nos-photos\/boite-a-musique\/","title":{"rendered":"Bo\u00eete \u00e0 Musique"},"content":{"rendered":"<strong>19 &amp; 20 novembre 2016 avec Kava-Kava \u00e0 La\u00a0<\/strong><b>Marlagne (W\u00e9pion)<\/b>\r\n\r\n\r\n<div class=\"ngg-galleryoverview\" id=\"ngg-gallery-27-1795\">\r\n\r\n\r\n\t\r\n\t<!-- Thumbnails -->\r\n\t\t\r\n\t<div id=\"ngg-image-1051\" class=\"ngg-gallery-thumbnail-box\" style=\"width:25%;\" >\r\n\t\t<div class=\"ngg-gallery-thumbnail\" >\r\n\t\t\t<a href=\"https:\/\/www.vcvl.be\/site\/wp-content\/gallery\/boitamusique\/boitamusique_14.jpg\" title=\" \"  >\r\n\t\t\t\t\t\t\t\t<img loading=\"lazy\" decoding=\"async\" title=\"boitamusique_14\" alt=\"boitamusique_14\" src=\"https:\/\/www.vcvl.be\/site\/wp-content\/gallery\/boitamusique\/thumbs\/thumbs_boitamusique_14.jpg\" width=\"240\" height=\"180\" \/>\r\n\t\t\t\t\t\t\t<\/a>\r\n\t\t<\/div>\r\n\t<\/div>\r\n\t\r\n\t\t\r\n \t\t\r\n\t<div id=\"ngg-image-1064\" class=\"ngg-gallery-thumbnail-box\" style=\"width:25%;\" >\r\n\t\t<div class=\"ngg-gallery-thumbnail\" >\r\n\t\t\t<a href=\"https:\/\/www.vcvl.be\/site\/wp-content\/gallery\/boitamusique\/boitamusique_27.jpg\" title=\" \"  >\r\n\t\t\t\t\t\t\t\t<img loading=\"lazy\" decoding=\"async\" title=\"boitamusique_27\" alt=\"boitamusique_27\" src=\"https:\/\/www.vcvl.be\/site\/wp-content\/gallery\/boitamusique\/thumbs\/thumbs_boitamusique_27.jpg\" width=\"240\" height=\"180\" \/>\r\n\t\t\t\t\t\t\t<\/a>\r\n\t\t<\/div>\r\n\t<\/div>\r\n\t\r\n\t\t\r\n \t\t\r\n\t<div id=\"ngg-image-1063\" class=\"ngg-gallery-thumbnail-box\" style=\"width:25%;\" >\r\n\t\t<div class=\"ngg-gallery-thumbnail\" >\r\n\t\t\t<a href=\"https:\/\/www.vcvl.be\/site\/wp-content\/gallery\/boitamusique\/boitamusique_26.jpg\" title=\" \"  >\r\n\t\t\t\t\t\t\t\t<img loading=\"lazy\" decoding=\"async\" title=\"boitamusique_26\" alt=\"boitamusique_26\" src=\"https:\/\/www.vcvl.be\/site\/wp-content\/gallery\/boitamusique\/thumbs\/thumbs_boitamusique_26.jpg\" width=\"240\" height=\"180\" \/>\r\n\t\t\t\t\t\t\t<\/a>\r\n\t\t<\/div>\r\n\t<\/div>\r\n\t\r\n\t\t\r\n \t\t\r\n\t<div id=\"ngg-image-1062\" class=\"ngg-gallery-thumbnail-box\" style=\"width:25%;\" >\r\n\t\t<div class=\"ngg-gallery-thumbnail\" >\r\n\t\t\t<a href=\"https:\/\/www.vcvl.be\/site\/wp-content\/gallery\/boitamusique\/boitamusique_25.jpg\" title=\" \"  >\r\n\t\t\t\t\t\t\t\t<img loading=\"lazy\" decoding=\"async\" title=\"boitamusique_25\" alt=\"boitamusique_25\" src=\"https:\/\/www.vcvl.be\/site\/wp-content\/gallery\/boitamusique\/thumbs\/thumbs_boitamusique_25.jpg\" width=\"240\" height=\"180\" \/>\r\n\t\t\t\t\t\t\t<\/a>\r\n\t\t<\/div>\r\n\t<\/div>\r\n\t\r\n\t\t\t\t<br style=\"clear: both\" \/>\r\n\t\r\n \t\t\r\n\t<div id=\"ngg-image-1061\" class=\"ngg-gallery-thumbnail-box\" style=\"width:25%;\" >\r\n\t\t<div class=\"ngg-gallery-thumbnail\" >\r\n\t\t\t<a href=\"https:\/\/www.vcvl.be\/site\/wp-content\/gallery\/boitamusique\/boitamusique_24.jpg\" title=\" \"  >\r\n\t\t\t\t\t\t\t\t<img loading=\"lazy\" decoding=\"async\" title=\"boitamusique_24\" alt=\"boitamusique_24\" src=\"https:\/\/www.vcvl.be\/site\/wp-content\/gallery\/boitamusique\/thumbs\/thumbs_boitamusique_24.jpg\" width=\"240\" height=\"180\" \/>\r\n\t\t\t\t\t\t\t<\/a>\r\n\t\t<\/div>\r\n\t<\/div>\r\n\t\r\n\t\t\r\n \t\t\r\n\t<div id=\"ngg-image-1060\" class=\"ngg-gallery-thumbnail-box\" style=\"width:25%;\" >\r\n\t\t<div class=\"ngg-gallery-thumbnail\" >\r\n\t\t\t<a href=\"https:\/\/www.vcvl.be\/site\/wp-content\/gallery\/boitamusique\/boitamusique_23.jpg\" title=\" \"  >\r\n\t\t\t\t\t\t\t\t<img loading=\"lazy\" decoding=\"async\" title=\"boitamusique_23\" alt=\"boitamusique_23\" src=\"https:\/\/www.vcvl.be\/site\/wp-content\/gallery\/boitamusique\/thumbs\/thumbs_boitamusique_23.jpg\" width=\"240\" height=\"180\" \/>\r\n\t\t\t\t\t\t\t<\/a>\r\n\t\t<\/div>\r\n\t<\/div>\r\n\t\r\n\t\t\r\n \t\t\r\n\t<div id=\"ngg-image-1059\" class=\"ngg-gallery-thumbnail-box\" style=\"width:25%;\" >\r\n\t\t<div class=\"ngg-gallery-thumbnail\" >\r\n\t\t\t<a href=\"https:\/\/www.vcvl.be\/site\/wp-content\/gallery\/boitamusique\/boitamusique_22.jpg\" title=\" \"  >\r\n\t\t\t\t\t\t\t\t<img loading=\"lazy\" decoding=\"async\" title=\"boitamusique_22\" alt=\"boitamusique_22\" src=\"https:\/\/www.vcvl.be\/site\/wp-content\/gallery\/boitamusique\/thumbs\/thumbs_boitamusique_22.jpg\" width=\"240\" height=\"180\" \/>\r\n\t\t\t\t\t\t\t<\/a>\r\n\t\t<\/div>\r\n\t<\/div>\r\n\t\r\n\t\t\r\n \t\t\r\n\t<div id=\"ngg-image-1058\" class=\"ngg-gallery-thumbnail-box\" style=\"width:25%;\" >\r\n\t\t<div class=\"ngg-gallery-thumbnail\" >\r\n\t\t\t<a href=\"https:\/\/www.vcvl.be\/site\/wp-content\/gallery\/boitamusique\/boitamusique_21.jpg\" title=\" \"  >\r\n\t\t\t\t\t\t\t\t<img loading=\"lazy\" decoding=\"async\" title=\"boitamusique_21\" alt=\"boitamusique_21\" src=\"https:\/\/www.vcvl.be\/site\/wp-content\/gallery\/boitamusique\/thumbs\/thumbs_boitamusique_21.jpg\" width=\"240\" height=\"180\" \/>\r\n\t\t\t\t\t\t\t<\/a>\r\n\t\t<\/div>\r\n\t<\/div>\r\n\t\r\n\t\t\t\t<br style=\"clear: both\" \/>\r\n\t\r\n \t\t\r\n\t<div id=\"ngg-image-1057\" class=\"ngg-gallery-thumbnail-box\" style=\"width:25%;\" >\r\n\t\t<div class=\"ngg-gallery-thumbnail\" >\r\n\t\t\t<a href=\"https:\/\/www.vcvl.be\/site\/wp-content\/gallery\/boitamusique\/boitamusique_20.jpg\" title=\" \"  >\r\n\t\t\t\t\t\t\t\t<img loading=\"lazy\" decoding=\"async\" title=\"boitamusique_20\" alt=\"boitamusique_20\" src=\"https:\/\/www.vcvl.be\/site\/wp-content\/gallery\/boitamusique\/thumbs\/thumbs_boitamusique_20.jpg\" width=\"240\" height=\"180\" \/>\r\n\t\t\t\t\t\t\t<\/a>\r\n\t\t<\/div>\r\n\t<\/div>\r\n\t\r\n\t\t\r\n \t\t\r\n\t<div id=\"ngg-image-1056\" class=\"ngg-gallery-thumbnail-box\" style=\"width:25%;\" >\r\n\t\t<div class=\"ngg-gallery-thumbnail\" >\r\n\t\t\t<a href=\"https:\/\/www.vcvl.be\/site\/wp-content\/gallery\/boitamusique\/boitamusique_19.jpg\" title=\" \"  >\r\n\t\t\t\t\t\t\t\t<img loading=\"lazy\" decoding=\"async\" title=\"boitamusique_19\" alt=\"boitamusique_19\" src=\"https:\/\/www.vcvl.be\/site\/wp-content\/gallery\/boitamusique\/thumbs\/thumbs_boitamusique_19.jpg\" width=\"240\" height=\"180\" \/>\r\n\t\t\t\t\t\t\t<\/a>\r\n\t\t<\/div>\r\n\t<\/div>\r\n\t\r\n\t\t\r\n \t\t\r\n\t<div id=\"ngg-image-1055\" class=\"ngg-gallery-thumbnail-box\" style=\"width:25%;\" >\r\n\t\t<div class=\"ngg-gallery-thumbnail\" >\r\n\t\t\t<a href=\"https:\/\/www.vcvl.be\/site\/wp-content\/gallery\/boitamusique\/boitamusique_18.jpg\" title=\" \"  >\r\n\t\t\t\t\t\t\t\t<img loading=\"lazy\" decoding=\"async\" title=\"boitamusique_18\" alt=\"boitamusique_18\" src=\"https:\/\/www.vcvl.be\/site\/wp-content\/gallery\/boitamusique\/thumbs\/thumbs_boitamusique_18.jpg\" width=\"240\" height=\"180\" \/>\r\n\t\t\t\t\t\t\t<\/a>\r\n\t\t<\/div>\r\n\t<\/div>\r\n\t\r\n\t\t\r\n \t\t\r\n\t<div id=\"ngg-image-1054\" class=\"ngg-gallery-thumbnail-box\" style=\"width:25%;\" >\r\n\t\t<div class=\"ngg-gallery-thumbnail\" >\r\n\t\t\t<a href=\"https:\/\/www.vcvl.be\/site\/wp-content\/gallery\/boitamusique\/boitamusique_17.jpg\" title=\" \"  >\r\n\t\t\t\t\t\t\t\t<img loading=\"lazy\" decoding=\"async\" title=\"boitamusique_17\" alt=\"boitamusique_17\" src=\"https:\/\/www.vcvl.be\/site\/wp-content\/gallery\/boitamusique\/thumbs\/thumbs_boitamusique_17.jpg\" width=\"240\" height=\"180\" \/>\r\n\t\t\t\t\t\t\t<\/a>\r\n\t\t<\/div>\r\n\t<\/div>\r\n\t\r\n\t\t\t\t<br style=\"clear: both\" \/>\r\n\t\r\n \t\t\r\n\t<div id=\"ngg-image-1053\" class=\"ngg-gallery-thumbnail-box\" style=\"width:25%;\" >\r\n\t\t<div class=\"ngg-gallery-thumbnail\" >\r\n\t\t\t<a href=\"https:\/\/www.vcvl.be\/site\/wp-content\/gallery\/boitamusique\/boitamusique_16.jpg\" title=\" \"  >\r\n\t\t\t\t\t\t\t\t<img loading=\"lazy\" decoding=\"async\" title=\"boitamusique_16\" alt=\"boitamusique_16\" src=\"https:\/\/www.vcvl.be\/site\/wp-content\/gallery\/boitamusique\/thumbs\/thumbs_boitamusique_16.jpg\" width=\"240\" height=\"180\" \/>\r\n\t\t\t\t\t\t\t<\/a>\r\n\t\t<\/div>\r\n\t<\/div>\r\n\t\r\n\t\t\r\n \t\t\r\n\t<div id=\"ngg-image-1052\" class=\"ngg-gallery-thumbnail-box\" style=\"width:25%;\" >\r\n\t\t<div class=\"ngg-gallery-thumbnail\" >\r\n\t\t\t<a href=\"https:\/\/www.vcvl.be\/site\/wp-content\/gallery\/boitamusique\/boitamusique_15.jpg\" title=\" \"  >\r\n\t\t\t\t\t\t\t\t<img loading=\"lazy\" decoding=\"async\" title=\"boitamusique_15\" alt=\"boitamusique_15\" src=\"https:\/\/www.vcvl.be\/site\/wp-content\/gallery\/boitamusique\/thumbs\/thumbs_boitamusique_15.jpg\" width=\"240\" height=\"180\" \/>\r\n\t\t\t\t\t\t\t<\/a>\r\n\t\t<\/div>\r\n\t<\/div>\r\n\t\r\n\t\t\r\n \t\t\r\n\t<div id=\"ngg-image-1038\" class=\"ngg-gallery-thumbnail-box\" style=\"width:25%;\" >\r\n\t\t<div class=\"ngg-gallery-thumbnail\" >\r\n\t\t\t<a href=\"https:\/\/www.vcvl.be\/site\/wp-content\/gallery\/boitamusique\/boitamusique_01.jpg\" title=\" \"  >\r\n\t\t\t\t\t\t\t\t<img loading=\"lazy\" decoding=\"async\" title=\"boitamusique_01\" alt=\"boitamusique_01\" src=\"https:\/\/www.vcvl.be\/site\/wp-content\/gallery\/boitamusique\/thumbs\/thumbs_boitamusique_01.jpg\" width=\"240\" height=\"180\" \/>\r\n\t\t\t\t\t\t\t<\/a>\r\n\t\t<\/div>\r\n\t<\/div>\r\n\t\r\n\t\t\r\n \t\t\r\n\t<div id=\"ngg-image-1050\" class=\"ngg-gallery-thumbnail-box\" style=\"width:25%;\" >\r\n\t\t<div class=\"ngg-gallery-thumbnail\" >\r\n\t\t\t<a href=\"https:\/\/www.vcvl.be\/site\/wp-content\/gallery\/boitamusique\/boitamusique_13.jpg\" title=\" \"  >\r\n\t\t\t\t\t\t\t\t<img loading=\"lazy\" decoding=\"async\" title=\"boitamusique_13\" alt=\"boitamusique_13\" src=\"https:\/\/www.vcvl.be\/site\/wp-content\/gallery\/boitamusique\/thumbs\/thumbs_boitamusique_13.jpg\" width=\"240\" height=\"180\" \/>\r\n\t\t\t\t\t\t\t<\/a>\r\n\t\t<\/div>\r\n\t<\/div>\r\n\t\r\n\t\t\t\t<br style=\"clear: both\" \/>\r\n\t\r\n \t\t\r\n\t<div id=\"ngg-image-1049\" class=\"ngg-gallery-thumbnail-box\" style=\"width:25%;\" >\r\n\t\t<div class=\"ngg-gallery-thumbnail\" >\r\n\t\t\t<a href=\"https:\/\/www.vcvl.be\/site\/wp-content\/gallery\/boitamusique\/boitamusique_12.jpg\" title=\" \"  >\r\n\t\t\t\t\t\t\t\t<img loading=\"lazy\" decoding=\"async\" title=\"boitamusique_12\" alt=\"boitamusique_12\" src=\"https:\/\/www.vcvl.be\/site\/wp-content\/gallery\/boitamusique\/thumbs\/thumbs_boitamusique_12.jpg\" width=\"240\" height=\"180\" \/>\r\n\t\t\t\t\t\t\t<\/a>\r\n\t\t<\/div>\r\n\t<\/div>\r\n\t\r\n\t\t\r\n \t\t\r\n\t<div id=\"ngg-image-1048\" class=\"ngg-gallery-thumbnail-box\" style=\"width:25%;\" >\r\n\t\t<div class=\"ngg-gallery-thumbnail\" >\r\n\t\t\t<a href=\"https:\/\/www.vcvl.be\/site\/wp-content\/gallery\/boitamusique\/boitamusique_11.jpg\" title=\" \"  >\r\n\t\t\t\t\t\t\t\t<img loading=\"lazy\" decoding=\"async\" title=\"boitamusique_11\" alt=\"boitamusique_11\" src=\"https:\/\/www.vcvl.be\/site\/wp-content\/gallery\/boitamusique\/thumbs\/thumbs_boitamusique_11.jpg\" width=\"240\" height=\"180\" \/>\r\n\t\t\t\t\t\t\t<\/a>\r\n\t\t<\/div>\r\n\t<\/div>\r\n\t\r\n\t\t\r\n \t\t\r\n\t<div id=\"ngg-image-1047\" class=\"ngg-gallery-thumbnail-box\" style=\"width:25%;\" >\r\n\t\t<div class=\"ngg-gallery-thumbnail\" >\r\n\t\t\t<a href=\"https:\/\/www.vcvl.be\/site\/wp-content\/gallery\/boitamusique\/boitamusique_10.jpg\" title=\" \"  >\r\n\t\t\t\t\t\t\t\t<img loading=\"lazy\" decoding=\"async\" title=\"boitamusique_10\" alt=\"boitamusique_10\" src=\"https:\/\/www.vcvl.be\/site\/wp-content\/gallery\/boitamusique\/thumbs\/thumbs_boitamusique_10.jpg\" width=\"240\" height=\"180\" \/>\r\n\t\t\t\t\t\t\t<\/a>\r\n\t\t<\/div>\r\n\t<\/div>\r\n\t\r\n\t\t\r\n \t\t\r\n\t<div id=\"ngg-image-1046\" class=\"ngg-gallery-thumbnail-box\" style=\"width:25%;\" >\r\n\t\t<div class=\"ngg-gallery-thumbnail\" >\r\n\t\t\t<a href=\"https:\/\/www.vcvl.be\/site\/wp-content\/gallery\/boitamusique\/boitamusique_09.jpg\" title=\" \"  >\r\n\t\t\t\t\t\t\t\t<img loading=\"lazy\" decoding=\"async\" title=\"boitamusique_09\" alt=\"boitamusique_09\" src=\"https:\/\/www.vcvl.be\/site\/wp-content\/gallery\/boitamusique\/thumbs\/thumbs_boitamusique_09.jpg\" width=\"240\" height=\"180\" \/>\r\n\t\t\t\t\t\t\t<\/a>\r\n\t\t<\/div>\r\n\t<\/div>\r\n\t\r\n\t\t\t\t<br style=\"clear: both\" \/>\r\n\t\r\n \t\t\r\n\t<div id=\"ngg-image-1045\" class=\"ngg-gallery-thumbnail-box\" style=\"width:25%;\" >\r\n\t\t<div class=\"ngg-gallery-thumbnail\" >\r\n\t\t\t<a href=\"https:\/\/www.vcvl.be\/site\/wp-content\/gallery\/boitamusique\/boitamusique_08.jpg\" title=\" \"  >\r\n\t\t\t\t\t\t\t\t<img loading=\"lazy\" decoding=\"async\" title=\"boitamusique_08\" alt=\"boitamusique_08\" src=\"https:\/\/www.vcvl.be\/site\/wp-content\/gallery\/boitamusique\/thumbs\/thumbs_boitamusique_08.jpg\" width=\"240\" height=\"180\" \/>\r\n\t\t\t\t\t\t\t<\/a>\r\n\t\t<\/div>\r\n\t<\/div>\r\n\t\r\n\t\t\r\n \t\t\r\n\t<div id=\"ngg-image-1044\" class=\"ngg-gallery-thumbnail-box\" style=\"width:25%;\" >\r\n\t\t<div class=\"ngg-gallery-thumbnail\" >\r\n\t\t\t<a href=\"https:\/\/www.vcvl.be\/site\/wp-content\/gallery\/boitamusique\/boitamusique_07.jpg\" title=\" \"  >\r\n\t\t\t\t\t\t\t\t<img loading=\"lazy\" decoding=\"async\" title=\"boitamusique_07\" alt=\"boitamusique_07\" src=\"https:\/\/www.vcvl.be\/site\/wp-content\/gallery\/boitamusique\/thumbs\/thumbs_boitamusique_07.jpg\" width=\"240\" height=\"180\" \/>\r\n\t\t\t\t\t\t\t<\/a>\r\n\t\t<\/div>\r\n\t<\/div>\r\n\t\r\n\t\t\r\n \t\t\r\n\t<div id=\"ngg-image-1043\" class=\"ngg-gallery-thumbnail-box\" style=\"width:25%;\" >\r\n\t\t<div class=\"ngg-gallery-thumbnail\" >\r\n\t\t\t<a href=\"https:\/\/www.vcvl.be\/site\/wp-content\/gallery\/boitamusique\/boitamusique_06.jpg\" title=\" \"  >\r\n\t\t\t\t\t\t\t\t<img loading=\"lazy\" decoding=\"async\" title=\"boitamusique_06\" alt=\"boitamusique_06\" src=\"https:\/\/www.vcvl.be\/site\/wp-content\/gallery\/boitamusique\/thumbs\/thumbs_boitamusique_06.jpg\" width=\"240\" height=\"180\" \/>\r\n\t\t\t\t\t\t\t<\/a>\r\n\t\t<\/div>\r\n\t<\/div>\r\n\t\r\n\t\t\r\n \t\t\r\n\t<div id=\"ngg-image-1042\" class=\"ngg-gallery-thumbnail-box\" style=\"width:25%;\" >\r\n\t\t<div class=\"ngg-gallery-thumbnail\" >\r\n\t\t\t<a href=\"https:\/\/www.vcvl.be\/site\/wp-content\/gallery\/boitamusique\/boitamusique_05.jpg\" title=\" \"  >\r\n\t\t\t\t\t\t\t\t<img loading=\"lazy\" decoding=\"async\" title=\"boitamusique_05\" alt=\"boitamusique_05\" src=\"https:\/\/www.vcvl.be\/site\/wp-content\/gallery\/boitamusique\/thumbs\/thumbs_boitamusique_05.jpg\" width=\"240\" height=\"180\" \/>\r\n\t\t\t\t\t\t\t<\/a>\r\n\t\t<\/div>\r\n\t<\/div>\r\n\t\r\n\t\t\t\t<br style=\"clear: both\" \/>\r\n\t\r\n \t\t\r\n\t<div id=\"ngg-image-1041\" class=\"ngg-gallery-thumbnail-box\" style=\"width:25%;\" >\r\n\t\t<div class=\"ngg-gallery-thumbnail\" >\r\n\t\t\t<a href=\"https:\/\/www.vcvl.be\/site\/wp-content\/gallery\/boitamusique\/boitamusique_04.jpg\" title=\" \"  >\r\n\t\t\t\t\t\t\t\t<img loading=\"lazy\" decoding=\"async\" title=\"boitamusique_04\" alt=\"boitamusique_04\" src=\"https:\/\/www.vcvl.be\/site\/wp-content\/gallery\/boitamusique\/thumbs\/thumbs_boitamusique_04.jpg\" width=\"240\" height=\"180\" \/>\r\n\t\t\t\t\t\t\t<\/a>\r\n\t\t<\/div>\r\n\t<\/div>\r\n\t\r\n\t\t\r\n \t\t\r\n\t<div id=\"ngg-image-1040\" class=\"ngg-gallery-thumbnail-box\" style=\"width:25%;\" >\r\n\t\t<div class=\"ngg-gallery-thumbnail\" >\r\n\t\t\t<a href=\"https:\/\/www.vcvl.be\/site\/wp-content\/gallery\/boitamusique\/boitamusique_03.jpg\" title=\" \"  >\r\n\t\t\t\t\t\t\t\t<img loading=\"lazy\" decoding=\"async\" title=\"boitamusique_03\" alt=\"boitamusique_03\" src=\"https:\/\/www.vcvl.be\/site\/wp-content\/gallery\/boitamusique\/thumbs\/thumbs_boitamusique_03.jpg\" width=\"240\" height=\"180\" \/>\r\n\t\t\t\t\t\t\t<\/a>\r\n\t\t<\/div>\r\n\t<\/div>\r\n\t\r\n\t\t\r\n \t\t\r\n\t<div id=\"ngg-image-1039\" class=\"ngg-gallery-thumbnail-box\" style=\"width:25%;\" >\r\n\t\t<div class=\"ngg-gallery-thumbnail\" >\r\n\t\t\t<a href=\"https:\/\/www.vcvl.be\/site\/wp-content\/gallery\/boitamusique\/boitamusique_02.jpg\" title=\" \"  >\r\n\t\t\t\t\t\t\t\t<img loading=\"lazy\" decoding=\"async\" title=\"boitamusique_02\" alt=\"boitamusique_02\" src=\"https:\/\/www.vcvl.be\/site\/wp-content\/gallery\/boitamusique\/thumbs\/thumbs_boitamusique_02.jpg\" width=\"240\" height=\"180\" \/>\r\n\t\t\t\t\t\t\t<\/a>\r\n\t\t<\/div>\r\n\t<\/div>\r\n\t\r\n\t\t\r\n \t \t\r\n\t<!-- Pagination -->\r\n \t<div class=\"ngg-clear\"><\/div> \t\r\n<\/div>\r\n\r\n\r\n\r\n&nbsp;","protected":false},"excerpt":{"rendered":"<p>19 &amp; 20 novembre 2016 avec Kava-Kava \u00e0 La\u00a0Marlagne (W\u00e9pion) &nbsp;<\/p>\n","protected":false},"author":1,"featured_media":4618,"parent":538,"menu_order":0,"comment_status":"open","ping_status":"open","template":"","meta":{"footnotes":""},"aioseo_notices":[],"_links":{"self":[{"href":"https:\/\/www.vcvl.be\/site\/wp-json\/wp\/v2\/pages\/1795"}],"collection":[{"href":"https:\/\/www.vcvl.be\/site\/wp-json\/wp\/v2\/pages"}],"about":[{"href":"https:\/\/www.vcvl.be\/site\/wp-json\/wp\/v2\/types\/page"}],"author":[{"embeddable":true,"href":"https:\/\/www.vcvl.be\/site\/wp-json\/wp\/v2\/users\/1"}],"replies":[{"embeddable":true,"href":"https:\/\/www.vcvl.be\/site\/wp-json\/wp\/v2\/comments?post=1795"}],"version-history":[{"count":10,"href":"https:\/\/www.vcvl.be\/site\/wp-json\/wp\/v2\/pages\/1795\/revisions"}],"predecessor-version":[{"id":4615,"href":"https:\/\/www.vcvl.be\/site\/wp-json\/wp\/v2\/pages\/1795\/revisions\/4615"}],"up":[{"embeddable":true,"href":"https:\/\/www.vcvl.be\/site\/wp-json\/wp\/v2\/pages\/538"}],"wp:featuredmedia":[{"embeddable":true,"href":"https:\/\/www.vcvl.be\/site\/wp-json\/wp\/v2\/media\/4618"}],"wp:attachment":[{"href":"https:\/\/www.vcvl.be\/site\/wp-json\/wp\/v2\/media?parent=1795"}],"curies":[{"name":"wp","href":"https:\/\/api.w.org\/{rel}","templated":true}]}}