{"id":268,"date":"2012-02-19T12:55:34","date_gmt":"2012-02-19T11:55:34","guid":{"rendered":"http:\/\/www.vcvl.be\/site\/?page_id=268"},"modified":"2019-08-09T16:42:29","modified_gmt":"2019-08-09T14:42:29","slug":"repertoire2","status":"publish","type":"page","link":"https:\/\/www.vcvl.be\/site\/repertoire2\/","title":{"rendered":"R\u00e9pertoire"},"content":{"rendered":"&nbsp;\n<div align=\"center\">\n\n<a id=\"Retour2\" name=\"Retour\"><\/a>\n\n<span style=\"color: #9a3600; font-size: big;\"><em><strong>Voix-Ci Voix-L\u00e0 chante ou a chant\u00e9:<\/strong><\/em><\/span>\n\n<span style=\"color: #9a3600; font-size: small;\"><em><strong>(en gras les chants actuellement \u00e0 notre r\u00e9pertoire ou qui l'ont \u00e9t\u00e9 tr\u00e8s r\u00e9cemment)<\/strong><\/em><\/span>\n\n<a href=\"#A\">A<\/a> - <a href=\"#B\">B<\/a> - <a href=\"#C\">C<\/a> - <a href=\"#D\">D<\/a> - <a href=\"#E\">E<\/a> - <a href=\"#F\">F<\/a> - <a href=\"#G\">G<\/a> - <a href=\"#H\">H<\/a> - <a href=\"#I\">I<\/a> - <a href=\"#J\">J<\/a> - <a href=\"#K\">K<\/a> - <a href=\"#L\">L<\/a> - <a href=\"#M\">M<\/a> - <a href=\"#N\">N<\/a> - <a href=\"#O\">O<\/a> - <a href=\"#P\">P<\/a> - <a href=\"#Q\">Q<\/a> - <a href=\"#R\">R<\/a> - <a href=\"#S\">S<\/a> - <a href=\"#T\">T<\/a> - <a href=\"#U\">U<\/a> - <a href=\"#V\">V<\/a> - <a href=\"#W\">W<\/a> - <a href=\"#Y\">Y<\/a>\n\n<a href=\"#Retour\"><img loading=\"lazy\" decoding=\"async\" class=\"alignnone\" src=\"images\/Retour_Index.gif\" alt=\"\" width=\"52\" height=\"38\" border=\"0\"><\/a>\n\n<span style=\"color: #9a3600; font-size: small;\">Cliquez ici pour revenir \u00e0 l'index<\/span>\n\n<span style=\"color: #9a3600; font-size: small;\"><em>Adios Nonino&nbsp;&nbsp;&nbsp;&nbsp; Astor Piazzolla<\/em><\/span>\n\n<strong><span style=\"color: #9a3600; font-size: small;\"><em>Alors on dance &nbsp; &nbsp; &nbsp; &nbsp; &nbsp;Stromae<\/em><\/span><\/strong>\n\n<span style=\"color: #9a3600; font-size: small;\"><em>Amis (Les) &nbsp; &nbsp; &nbsp; &nbsp; &nbsp; &nbsp;Julie Zenatti<\/em><\/span>\n\n<span style=\"color: #9a3600; font-size: small;\"><em>Au caf\u00e9 des d\u00e9lices&nbsp;&nbsp;&nbsp;&nbsp; Patrick Bruel<\/em><\/span><span style=\"color: #9a3600; font-size: small;\"><em>&nbsp;<\/em><\/span>\n\n<span style=\"color: #9a3600; font-size: small;\"><em>&nbsp;<a id=\"B\" name=\"B\"><\/a><\/em><\/span>\n\n<a href=\"#Retour\"><img loading=\"lazy\" decoding=\"async\" src=\"images\/Retour_Index.gif\" alt=\"\" width=\"52\" height=\"38\" border=\"0\"><\/a>\n\n<span style=\"color: #9a3600; font-size: small;\"><em>Bad romance &nbsp; &nbsp; &nbsp; &nbsp; &nbsp; &nbsp; Lady Gaga<\/em><\/span>\n\n<strong><span style=\"color: #9a3600; font-size: small;\"><em>Bastille (La) &nbsp; &nbsp; &nbsp; &nbsp; &nbsp;J. Brel<\/em><\/span><\/strong>\n\n<strong><span style=\"color: #9a3600; font-size: small;\"><em>Beautiful that way &nbsp; &nbsp; &nbsp; &nbsp; &nbsp;<\/em><\/span><\/strong><span style=\"color: #9a3600;\"><b><i>Not<\/i><\/b><\/span>\n\n<span style=\"color: #9a3600; font-size: small;\"><em>Berceuse (La) &nbsp; &nbsp; B\u00e9nabar<\/em><\/span>\n\n<strong><span style=\"color: #9a3600; font-size: small;\"><em>B\u00eate immonde (La) &nbsp; &nbsp; &nbsp; &nbsp; &nbsp;M. Fugain<\/em><\/span><\/strong>\n\n<span style=\"color: #9a3600; font-size: small;\"><em>Bohemian Rhapsody &nbsp; &nbsp; &nbsp; &nbsp;Queen<\/em><\/span>\n\n<span style=\"color: #9a3600; font-size: small;\"><em>&nbsp;<a id=\"C\" name=\"C\"><\/a><\/em><\/span>\n\n<span style=\"color: #9a3600; font-size: small;\"><em>&nbsp;<\/em><\/span><span style=\"color: #9a3600; font-size: small;\"><em><span style=\"color: #9a3600; font-size: small;\"><a href=\"#Retour\"><img loading=\"lazy\" decoding=\"async\" src=\"images\/Retour_Index.gif\" alt=\"\" width=\"52\" height=\"38\" border=\"0\"><\/a><\/span><\/em><\/span>\n\n<span style=\"color: #9a3600; font-size: small;\"><em>Centre ville &nbsp; &nbsp; &nbsp; &nbsp; &nbsp;William Sheller<\/em><\/span>\n\n<strong><span style=\"color: #9a3600; font-size: small;\"><em>Chanter pour ceux qui sont loin de chez eux&nbsp;&nbsp;&nbsp;&nbsp;&nbsp;&nbsp; Michel Berger<\/em><\/span><\/strong>\n\n<a id=\"D\" name=\"D\"><\/a><span style=\"color: #9a3600; font-size: x-small;\"><em>&nbsp;<\/em><\/span>\n\n<span style=\"color: #9a3600; font-size: small;\"><em><span style=\"color: #9a3600; font-size: x-small;\"><a href=\"#Retour\"><img loading=\"lazy\" decoding=\"async\" src=\"images\/Retour_Index.gif\" alt=\"\" width=\"52\" height=\"38\" border=\"0\"><\/a><\/span><\/em><\/span><span style=\"color: #9a3600; font-size: x-small;\"><em>&nbsp;<\/em><\/span>\n\n<span style=\"color: #9a3600; font-size: small;\"><em>Diff\u00e9rente quand je chante &nbsp; &nbsp; &nbsp; Maurane<\/em><\/span>\n\n<span style=\"color: #9a3600; font-size: small;\"><em>Don't know why &nbsp; &nbsp; &nbsp;Nora Jones<\/em><\/span>\n\n<a id=\"E\" name=\"E\"><\/a><span style=\"color: #9a3600; font-size: x-small;\"><em>&nbsp;<\/em><\/span>\n\n<span style=\"color: #9a3600; font-size: small;\"><em>&nbsp;<\/em><\/span><span style=\"color: #9a3600; font-size: small;\"><em><span style=\"color: #9a3600; font-size: small;\"><a href=\"#Retour\"><img loading=\"lazy\" decoding=\"async\" src=\"images\/Retour_Index.gif\" alt=\"\" width=\"52\" height=\"38\" border=\"0\"><\/a><\/span><\/em><\/span>\n\n<span style=\"color: #9a3600; font-size: small;\"><em>Ella elle l'a&nbsp;&nbsp;&nbsp;&nbsp; Michel Berger<\/em><\/span>\n\n<span style=\"color: #9a3600; font-size: small;\"><em>En passant &nbsp; &nbsp; &nbsp; &nbsp; JJ Goldman<\/em><\/span>\n\n<span style=\"color: #9a3600; font-size: small;\"><em>Envie (l')&nbsp;&nbsp;&nbsp;&nbsp;&nbsp; JJ Goldman<\/em><\/span>\n\n<span style=\"color: #9a3600; font-size: small;\"><em>Envole moi&nbsp;&nbsp;&nbsp;&nbsp; JJ Goldman<\/em><\/span>\n\n<span style=\"color: #9a3600; font-size: small;\"><em><strong>Exodus &nbsp; &nbsp; &nbsp; Edith Piaf<\/strong>\n<\/em><\/span>\n\n<a id=\"F\" name=\"F\"><\/a><span style=\"color: #9a3600; font-size: x-small;\"><em><strong>&nbsp;<\/strong><\/em><\/span>\n\n<span style=\"color: #9a3600; font-size: small;\"><em><span style=\"color: #9a3600; font-size: x-small;\"><a href=\"#Retour\"><img loading=\"lazy\" decoding=\"async\" src=\"images\/Retour_Index.gif\" alt=\"\" width=\"52\" height=\"38\" border=\"0\"><\/a><\/span><\/em><\/span><span style=\"color: #9a3600; font-size: x-small;\"><em><strong>&nbsp;<\/strong><\/em><\/span>\n\n<span style=\"color: #9a3600; font-size: small;\"><em>Fais-moi une place&nbsp;&nbsp;&nbsp;&nbsp;&nbsp; Fran\u00e7oise Hardy\n<\/em><\/span>\n\n<a id=\"G\" name=\"G\"><\/a><span style=\"color: #9a3600; font-size: x-small;\"><em>&nbsp;<\/em><\/span>\n\n<span style=\"color: #9a3600; font-size: small;\"><em><span style=\"color: #9a3600; font-size: x-small;\"><a href=\"#Retour\"><img loading=\"lazy\" decoding=\"async\" src=\"images\/Retour_Index.gif\" alt=\"\" width=\"52\" height=\"38\" border=\"0\"><\/a><\/span><\/em><\/span><span style=\"color: #9a3600; font-size: x-small;\"><em>&nbsp;<\/em><\/span>\n\n<span style=\"color: #9a3600; font-size: small;\"><em>Gimme Gimme &nbsp; &nbsp; Abba<\/em><\/span>\n\n<span style=\"color: #9a3600; font-size: small;\"><em>Grace Kelly &nbsp; &nbsp; &nbsp; &nbsp; &nbsp; Mika<\/em><\/span><a id=\"H\" name=\"H\"><\/a><span style=\"color: #9a3600; font-size: x-small;\"><em>&nbsp;<\/em><\/span>\n<span style=\"color: #9a3600; font-size: small;\"><em><span style=\"color: #9a3600; font-size: x-small;\"><a href=\"#Retour\"><img loading=\"lazy\" decoding=\"async\" src=\"images\/Retour_Index.gif\" alt=\"\" width=\"52\" height=\"38\" border=\"0\"><\/a><\/span><\/em><\/span><span style=\"color: #9a3600; font-size: x-small;\"><em>&nbsp;<\/em><\/span>\n\n&nbsp;\n\n<span style=\"color: #9a3600; font-size: small;\"><em>Happy &nbsp; &nbsp; &nbsp; &nbsp;Pharrell Williams<\/em><\/span>\n\n<strong><span style=\"color: #9a3600; font-size: small;\"><em>History Repeating &nbsp; &nbsp; &nbsp; &nbsp; &nbsp;Shirley Bassey<\/em><\/span><\/strong>\n\n<a id=\"I\" name=\"I\"><\/a><span style=\"color: #9a3600; font-size: x-small;\"><em>&nbsp;<\/em><\/span>\n\n<span style=\"color: #9a3600; font-size: small;\"><em><span style=\"color: #9a3600; font-size: x-small;\"><a href=\"#Retour\"><img loading=\"lazy\" decoding=\"async\" src=\"images\/Retour_Index.gif\" alt=\"\" width=\"52\" height=\"38\" border=\"0\"><\/a><\/span><\/em><\/span>\n\n<span style=\"color: #9a3600; font-size: x-small;\"><em>&nbsp;<\/em><\/span>\n\n<span style=\"color: #9a3600; font-size: small;\"><em>I get around &nbsp; &nbsp; &nbsp; &nbsp; Brain Wilson<\/em><\/span>\n\n<span style=\"color: #9a3600; font-size: small;\"><em>Ile H\u00e9l\u00e8ne (L')&nbsp;&nbsp;&nbsp;&nbsp;&nbsp; Claude Nougaro<\/em><\/span>\n\n<span style=\"color: #9a3600; font-size: small;\"><em>Imagine&nbsp;&nbsp;&nbsp;&nbsp;&nbsp; John Lennon<\/em><\/span>\n\n<a id=\"J\" name=\"J\"><\/a><span style=\"color: #9a3600; font-size: x-small;\"><em><strong>&nbsp;<\/strong><\/em><\/span>\n\n<span style=\"color: #9a3600; font-size: small;\"><em><span style=\"color: #9a3600; font-size: x-small;\"><a href=\"#Retour\"><img loading=\"lazy\" decoding=\"async\" class=\"\" src=\"images\/Retour_Index.gif\" alt=\"\" width=\"52\" height=\"38\" border=\"0\"><\/a><\/span><\/em><\/span>\n\n&nbsp;\n\n<span style=\"color: #9a3600; font-size: small;\"><em>Je suis un homme &nbsp; &nbsp; &nbsp; &nbsp;Zazie<\/em><\/span>\n\n<span style=\"color: #9a3600; font-size: small;\"><em>Jeanne &nbsp; &nbsp; &nbsp; Laurent Voulzy<\/em><\/span>\n\n<strong><span style=\"color: #9a3600; font-size: small;\"><em>J'en veux pas de votre guerre &nbsp; &nbsp; &nbsp;&nbsp;R. Didier<\/em><\/span><\/strong>\n\n<a id=\"K\" name=\"K\"><\/a><span style=\"color: #9a3600; font-size: small;\"><em>&nbsp;<\/em><\/span>\n<span style=\"color: #9a3600; font-size: small;\"><em>\n<span style=\"color: #9a3600; font-size: x-small;\"><a href=\"#Retour\"><img loading=\"lazy\" decoding=\"async\" src=\"images\/Retour_Index.gif\" alt=\"\" width=\"52\" height=\"38\" border=\"0\"><\/a><\/span><\/em><\/span><span style=\"color: #9a3600; font-size: x-small;\"><em>&nbsp;<\/em><\/span>\n\n<span style=\"color: #9a3600; font-size: small;\"><em>Karin Redinger &nbsp; &nbsp; &nbsp; &nbsp; &nbsp; Laurent Voulzy<\/em><\/span>\n\n<a id=\"L\" name=\"L\"><\/a><span style=\"color: #9a3600; font-size: x-small;\"><em>&nbsp;<\/em><\/span>\n\n<span style=\"color: #9a3600; font-size: small;\"><em><span style=\"color: #9a3600; font-size: x-small;\"><a href=\"#Retour\"><img loading=\"lazy\" decoding=\"async\" src=\"images\/Retour_Index.gif\" alt=\"\" width=\"52\" height=\"38\" border=\"0\"><\/a><\/span><\/em><\/span>\n\n<span style=\"color: #9a3600; font-size: x-small;\"><em>\n<\/em><\/span><span style=\"color: #9a3600; font-size: small;\"><em>Liste (La) &nbsp; &nbsp; &nbsp; &nbsp;Rose<\/em><\/span>\n\n<span style=\"color: #9a3600; font-size: small;\"><em>Listen to the rain&nbsp;&nbsp;&nbsp;&nbsp;&nbsp; Amy Lee<\/em><\/span>\n<p style=\"text-align: center;\"><span style=\"color: #9a3600; font-size: small;\"><em>Li bia bouquet &nbsp; &nbsp; &nbsp;Folklore&nbsp; Wallon<\/em><\/span><\/p>\n<p style=\"text-align: center;\"><span style=\"color: #9a3600; font-size: small;\"><em>Look at the world&nbsp;&nbsp;&nbsp;&nbsp;&nbsp; John Rutter<\/em><\/span><\/p>\n<a id=\"M\" name=\"M\"><\/a>\n<span style=\"color: #9a3600; font-size: x-small;\"><em>&nbsp;<\/em><\/span>\n\n<span style=\"color: #9a3600; font-size: small;\"><em>\n<span style=\"color: #9a3600; font-size: x-small;\">\n<a href=\"#Retour\"><img loading=\"lazy\" decoding=\"async\" src=\"images\/Retour_Index.gif\" alt=\"\" width=\"52\" height=\"38\" border=\"0\"><\/a><\/span><\/em><\/span>\n\n<span style=\"color: #9a3600; font-size: small;\"><em>Maudite clochette&nbsp;&nbsp;&nbsp;&nbsp;&nbsp; Juliette Noureddine<\/em><\/span>\n\n<span style=\"color: #9a3600; font-size: small;\"><em>Murs porteurs (Les) &nbsp; &nbsp; &nbsp;Florent Pagny<\/em><\/span>\n\n<span style=\"color: #9a3600; font-size: small;\"><em>My funny Valentine &nbsp; &nbsp; &nbsp; &nbsp; Richard Rodgers<\/em><\/span>\n\n<em>&nbsp;<a id=\"N\" name=\"N\"><\/a><\/em>\n\n<em><a href=\"#Retour\"><img loading=\"lazy\" decoding=\"async\" src=\"images\/Retour_Index.gif\" alt=\"\" width=\"52\" height=\"38\" border=\"0\"><\/a><\/em>\n<em>\n<\/em><strong>\n<span style=\"color: #9a3600; font-size: small;\"><em>Nella Fantasia &nbsp; &nbsp; &nbsp;&nbsp;Il Divo<\/em><\/span><\/strong>\n\n<a id=\"O\" name=\"O\"><\/a>\n\n<span style=\"color: #9a3600; font-size: x-small;\">\n<a href=\"#Retour\"><img loading=\"lazy\" decoding=\"async\" src=\"images\/Retour_Index.gif\" alt=\"\" width=\"52\" height=\"38\" border=\"0\"><\/a><\/span>\n\n<span style=\"color: #9a3600; font-size: small;\"><em>On ne dit jamais assez&nbsp;&nbsp;&nbsp;&nbsp; Louis Chedid<\/em><\/span>\n\n<a id=\"P\" name=\"P\"><\/a>\n\n<span style=\"color: #9a3600; font-size: small;\"><em><span style=\"color: #9a3600; font-size: x-small;\">\n<a href=\"#Retour\"><img loading=\"lazy\" decoding=\"async\" src=\"images\/Retour_Index.gif\" alt=\"\" width=\"52\" height=\"38\" border=\"0\"><\/a><\/span><\/em><\/span><span style=\"color: #9a3600; font-size: x-small;\"><em>&nbsp;<\/em><\/span>\n\n&nbsp;\n\n<strong>\n<\/strong><span style=\"color: #9a3600; font-size: small;\"><em>Parce qu'on vient de loin &nbsp; &nbsp; &nbsp;Corneille<\/em><\/span>\n\n<strong><span style=\"color: #9a3600; font-size: small;\"><em>Pas maintenant&nbsp; &nbsp; &nbsp; &nbsp;Axel Red<\/em><\/span><\/strong>\n\n<strong><span style=\"color: #9a3600; font-size: small;\"><em>Pipes of Peace &nbsp; &nbsp; &nbsp; &nbsp; &nbsp;P. Mc Cartney<\/em><\/span><\/strong>\n\n<span style=\"color: #9a3600; font-size: small;\"><em>Praise His Holy Name&nbsp;&nbsp;&nbsp;&nbsp;&nbsp; Keith Hampton\n<\/em><\/span>\n\n<span style=\"color: #9a3600; font-size: small;\"><em>Puisque tu pars &nbsp; &nbsp; &nbsp; &nbsp;<\/em><\/span><span style=\"color: #9a3600; font-size: small;\"><em><em>JJ Goldman<\/em><\/em><\/span><strong><span style=\"color: #9a3600; font-size: small;\"><em>\n<\/em><\/span><\/strong>\n\n<span style=\"color: #9a3600; font-size: small;\"><em><strong>&nbsp;<a id=\"Q\" name=\"Q\"><\/a><\/strong><\/em><\/span>\n\n<span style=\"color: #9a3600; font-size: small;\"><em><span style=\"color: #9a3600; font-size: x-small;\"><a href=\"#Retour\"><img loading=\"lazy\" decoding=\"async\" src=\"images\/Retour_Index.gif\" alt=\"\" width=\"52\" height=\"38\" border=\"0\"><\/a><\/span><\/em><\/span><span style=\"color: #9a3600; font-size: x-small;\"><em><strong>\n<\/strong><\/em><\/span>\n\n<span style=\"color: #9a3600; font-size: small;\"><em>Qu\u00eate (La)&nbsp;&nbsp;&nbsp;&nbsp;&nbsp;&nbsp;&nbsp; Jacques&nbsp; Brel<\/em><\/span>\n\n<a id=\"R\" name=\"R\"><\/a><span style=\"color: #9a3600; font-size: x-small;\"><em>&nbsp;<\/em><\/span>\n\n<span style=\"color: #9a3600; font-size: small;\"><em>&nbsp;<\/em><\/span><span style=\"color: #9a3600; font-size: small;\"><em><span style=\"color: #9a3600; font-size: small;\"><a href=\"#Retour\"><img loading=\"lazy\" decoding=\"async\" src=\"images\/Retour_Index.gif\" alt=\"\" width=\"52\" height=\"38\" border=\"0\"><\/a><\/span><\/em><\/span>\n\n<strong><span style=\"color: #9a3600; font-size: small;\"><em>Resistance &nbsp; &nbsp; &nbsp; &nbsp; &nbsp;Muse<\/em><\/span><\/strong>\n\n<span style=\"color: #9a3600; font-size: small;\"><em>Restons amants &nbsp; &nbsp; &nbsp; Maxime Leforestier<\/em><\/span>\n\n<span style=\"color: #9a3600; font-size: small;\"><em>Rolling in the deep &nbsp; &nbsp; &nbsp; &nbsp; Adele<\/em><\/span>\n\n<strong><span style=\"color: #9a3600; font-size: small;\"><em>Rue de la Paix&nbsp; &nbsp; &nbsp; &nbsp;Zazie<\/em><\/span><\/strong>\n\n<strong><span style=\"color: #9a3600; font-size: small;\"><em>Russians &nbsp; &nbsp; &nbsp; &nbsp; &nbsp;Sting<\/em><\/span><\/strong>\n\n<a id=\"S\" name=\"S\"><\/a><span style=\"color: #9a3600; font-size: small;\"><em>&nbsp;<\/em><\/span>\n\n<span style=\"color: #9a3600; font-size: small;\"><em><span style=\"color: #9a3600; font-size: x-small;\"><a href=\"#Retour\"><img loading=\"lazy\" decoding=\"async\" src=\"images\/Retour_Index.gif\" alt=\"\" width=\"52\" height=\"38\" border=\"0\"><\/a><\/span><\/em><\/span><span style=\"color: #9a3600; font-size: x-small;\"><em>\n<\/em><\/span>\n\n<strong><span style=\"color: #9a3600; font-size: small;\"><em>Sanctus &nbsp; &nbsp; &nbsp; &nbsp; &nbsp;K. Jenkins<\/em><\/span><\/strong>\n\n<span style=\"color: #9a3600; font-size: small;\"><em>Si j'\u00e9tais elle &nbsp; &nbsp; &nbsp; &nbsp;Julien Clerc<\/em><\/span>\n\n<span style=\"color: #9a3600; font-size: small;\"><em>Si seulement &nbsp; &nbsp; &nbsp; Calogero<\/em><\/span>\n\n<span style=\"color: #9a3600; font-size: small;\"><em>Stand by me&nbsp;&nbsp;&nbsp; Ben E. King<\/em><\/span>\n\n<span style=\"color: #9a3600; font-size: small;\"><em>Suite Balavoine (7 extraits de chansons)&nbsp;&nbsp;&nbsp;&nbsp;&nbsp;&nbsp;&nbsp; Daniel Balavoine\nHarmonisation: Olivier Moreau<\/em><\/span>\n\n<span style=\"color: #9a3600; font-size: small;\"><em>Suite Duteil (7 mouvements, 49 extraits de chansons)&nbsp;&nbsp;&nbsp;&nbsp;&nbsp;&nbsp;&nbsp;&nbsp; Yves Duteil<strong>\n<\/strong>Harmonisation: Daniel Schmit<\/em><\/span>\n\n<span style=\"color: #9a3600; font-size: small;\"><em>Suite Maurane&nbsp; (12 extraits de chansons)&nbsp;&nbsp;&nbsp;&nbsp;&nbsp;&nbsp; Maurane\nHarmonisation: Pierre Do<span style=\"color: #993300;\">nnay<\/span><\/em><\/span>\n\n<strong><span style=\"color: #9a3600; font-size: small;\"><em><span style=\"color: #993300;\">Sunday Bloody Sunday &nbsp; &nbsp; &nbsp; &nbsp; U2<\/span><\/em><\/span><\/strong>\n\n<span style=\"color: #9a3600; font-size: small;\"><em>&nbsp;<a id=\"T\" name=\"T\"><\/a><\/em><\/span>\n\n<span style=\"color: #9a3600; font-size: small;\"><em><span style=\"color: #9a3600; font-size: x-small;\"><a href=\"#Retour\"><img loading=\"lazy\" decoding=\"async\" src=\"images\/Retour_Index.gif\" alt=\"\" width=\"52\" height=\"38\" border=\"0\"><\/a><\/span><\/em><\/span>\n\n<span style=\"color: #9a3600; font-size: small;\"><em>Temps \u00e0 nouveau&nbsp;&nbsp;&nbsp;&nbsp; Jean-Louis Aubert<\/em><\/span><strong><span style=\"color: #9a3600; font-size: small;\"><em>\n<\/em><\/span><\/strong>\n\n<span style=\"color: #9a3600; font-size: small;\"><em>Temps de la rengaine (Le) &nbsp; &nbsp; &nbsp;Claude Nougaro<\/em><\/span>\n\n<span style=\"color: #9a3600; font-size: small;\"><em>The show must go on&nbsp;&nbsp;&nbsp;&nbsp;&nbsp;&nbsp; Queen<\/em><\/span>\n\n<span style=\"color: #9a3600; font-size: small;\"><em>The way old friends do &nbsp; &nbsp; &nbsp; &nbsp; Abba<\/em><\/span>\n\n<span style=\"color: #9a3600; font-size: small;\"><em>They don't care about us &nbsp; &nbsp; &nbsp; &nbsp;Michael Jackson<\/em><\/span>\n\n<span style=\"color: #9a3600; font-size: small;\"><em>Toulouse&nbsp;&nbsp;&nbsp;&nbsp;&nbsp; Claude Nougaro<\/em><\/span>\n\n<span style=\"color: #9a3600; font-size: small;\"><em>Tournent les violons &nbsp; &nbsp; &nbsp;JJ Goldman<\/em><\/span>\n\n<strong><span style=\"color: #9a3600; font-size: small;\"><em>Tous les cris les S O S&nbsp; &nbsp; &nbsp; &nbsp;Daniel Balavoine<\/em><\/span><\/strong>\n\n<a id=\"U\" name=\"U\"><\/a><span style=\"color: #9a3600; font-size: x-small;\"><em><strong>&nbsp;<\/strong><\/em><\/span>\n\n<span style=\"color: #9a3600; font-size: small;\"><em><span style=\"color: #9a3600; font-size: x-small;\"><a href=\"#Retour\"><img loading=\"lazy\" decoding=\"async\" src=\"images\/Retour_Index.gif\" alt=\"\" width=\"52\" height=\"38\" border=\"0\"><\/a><\/span><\/em><\/span><span style=\"color: #9a3600; font-size: x-small;\"><em><strong>\n<\/strong><\/em><\/span>\n\n<span style=\"color: #9a3600; font-size: small;\"><em><strong>Utile&nbsp;&nbsp;&nbsp;&nbsp;&nbsp; Julien Clerc<\/strong>\n<\/em><\/span>\n\n<span style=\"color: #9a3600; font-size: small;\"><em>&nbsp;<a id=\"V\" name=\"V\"><\/a><\/em><\/span>\n\n<span style=\"color: #9a3600; font-size: small;\"><em><span style=\"color: #9a3600; font-size: x-small;\"><a href=\"#Retour\"><img loading=\"lazy\" decoding=\"async\" src=\"images\/Retour_Index.gif\" alt=\"\" width=\"52\" height=\"38\" border=\"0\"><\/a><\/span><\/em><\/span><span style=\"color: #9a3600; font-size: x-small;\"><em>&nbsp;<\/em><\/span>\n\n<span style=\"color: #9a3600; font-size: small;\"><em>Veiller tard&nbsp;&nbsp;&nbsp;&nbsp; <\/em><\/span><span style=\"color: #9a3600; font-size: small;\"><em><em>JJ Goldman<\/em><\/em><\/span><strong><span style=\"color: #9a3600; font-size: small;\"><em>\n<\/em><\/span><\/strong>\n\n<strong><span style=\"color: #9a3600; font-size: small;\"><em>Vie (La) &nbsp; &nbsp; &nbsp; &nbsp; &nbsp;M. Fugain<\/em><\/span><\/strong>\n\n<span style=\"color: #9a3600; font-size: small;\"><em>Vie ne vaut rien (La) &nbsp; &nbsp; &nbsp; &nbsp;Alain Souchon<\/em><\/span>\n\n<strong><span style=\"color: #9a3600; font-size: small;\"><em>Viva la vida &nbsp; &nbsp; &nbsp; &nbsp; Coldplay<\/em><\/span><\/strong>\n\n<span style=\"color: #9a3600; font-size: small;\"><em>Vivre pour le meilleur &nbsp; &nbsp; &nbsp; J. Hallyday<\/em><\/span><strong><span style=\"color: #9a3600; font-size: small;\"><em>\n<\/em><\/span><\/strong>\n\n<a id=\"W\" name=\"W\"><\/a><span style=\"color: #9a3600; font-size: x-small;\"><em>&nbsp;<\/em><\/span>\n\n<span style=\"color: #9a3600; font-size: small;\"><em><span style=\"color: #9a3600; font-size: x-small;\"><a href=\"#Retour\"><img loading=\"lazy\" decoding=\"async\" src=\"images\/Retour_Index.gif\" alt=\"\" width=\"52\" height=\"38\" border=\"0\"><\/a><\/span><\/em><\/span><span style=\"color: #9a3600; font-size: x-small;\"><em>&nbsp;<\/em><\/span>\n\n<span style=\"color: #9a3600; font-size: small;\"><em>We are the champions &nbsp;&nbsp;&nbsp;&nbsp;&nbsp;&nbsp;&nbsp;&nbsp; Queen<\/em><\/span>\n\n<a id=\"Y\" name=\"Y\"><\/a>\n\n<span style=\"color: #9a3600; font-size: small;\"><em><span style=\"color: #9a3600; font-size: x-small;\"><a href=\"#Retour\"><img loading=\"lazy\" decoding=\"async\" src=\"images\/Retour_Index.gif\" alt=\"\" width=\"52\" height=\"38\" border=\"0\"><\/a><\/span><\/em><\/span>\n\n<span style=\"color: #9a3600; font-size: small;\"><em>Yalla&nbsp;&nbsp;&nbsp;&nbsp;&nbsp; Calogero<\/em><\/span>\n\n<span style=\"color: #9a3600; font-size: small;\"><em>You raise me up&nbsp;&nbsp;&nbsp;&nbsp;&nbsp; Brendan Graham<\/em><\/span>\n\n<strong><span style=\"color: #9a3600; font-size: small;\"><em>Zombie &nbsp; &nbsp; &nbsp; &nbsp; &nbsp;Cranberries<\/em><\/span><\/strong>\n\n<\/div>","protected":false},"excerpt":{"rendered":"<p>&nbsp; Voix-Ci Voix-L\u00e0 chante ou a chant\u00e9: (en gras les chants actuellement \u00e0 notre r\u00e9pertoire ou qui l&rsquo;ont \u00e9t\u00e9 tr\u00e8s r\u00e9cemment) A &#8211; B &#8211; C &#8211; D &#8211; E &#8211; F &#8211; G &#8211; H &#8211; I &#8211; J &#8211; K &#8211; L &#8211; M &#8211; N &#8211; O &#8211; P &#8211; Q -&#8230;<\/p>\n<p><a rel=\"bookmark\" class=\"decibel-button-text wvc-button wvc-button-size-sm\" href=\"https:\/\/www.vcvl.be\/site\/repertoire2\/\"><small class=\"wvc-button-background-fill\"><\/small><span>continuer \u00e0 lire<\/span><\/a><\/p>\n","protected":false},"author":1,"featured_media":0,"parent":0,"menu_order":0,"comment_status":"closed","ping_status":"open","template":"","meta":{"footnotes":""},"aioseo_notices":[],"_links":{"self":[{"href":"https:\/\/www.vcvl.be\/site\/wp-json\/wp\/v2\/pages\/268"}],"collection":[{"href":"https:\/\/www.vcvl.be\/site\/wp-json\/wp\/v2\/pages"}],"about":[{"href":"https:\/\/www.vcvl.be\/site\/wp-json\/wp\/v2\/types\/page"}],"author":[{"embeddable":true,"href":"https:\/\/www.vcvl.be\/site\/wp-json\/wp\/v2\/users\/1"}],"replies":[{"embeddable":true,"href":"https:\/\/www.vcvl.be\/site\/wp-json\/wp\/v2\/comments?post=268"}],"version-history":[{"count":4,"href":"https:\/\/www.vcvl.be\/site\/wp-json\/wp\/v2\/pages\/268\/revisions"}],"predecessor-version":[{"id":2191,"href":"https:\/\/www.vcvl.be\/site\/wp-json\/wp\/v2\/pages\/268\/revisions\/2191"}],"wp:attachment":[{"href":"https:\/\/www.vcvl.be\/site\/wp-json\/wp\/v2\/media?parent=268"}],"curies":[{"name":"wp","href":"https:\/\/api.w.org\/{rel}","templated":true}]}}