{"id":3539,"date":"2019-06-05T20:54:54","date_gmt":"2019-06-05T18:54:54","guid":{"rendered":"https:\/\/www.vcvl.be\/site\/?page_id=3539"},"modified":"2019-09-19T20:41:19","modified_gmt":"2019-09-19T18:41:19","slug":"medias","status":"publish","type":"page","link":"https:\/\/www.vcvl.be\/site\/medias\/","title":{"rendered":"M\u00e9dias"},"content":{"rendered":"[vc_row][vc_column][vc_column_text]\r\n<p style=\"text-align: center;\">Nous vous ouvrons notre tiroir \u00e0 souvenirs !<\/p>\r\n<p style=\"text-align: center;\">Vous y trouverez :<\/p>\r\n<p style=\"text-align: center;\">Des photos qui figent des moments d'\u00e9motion<\/p>\r\n<p style=\"text-align: center;\">Des enregistrements sonores, traces sans doute imparfaites de nos concerts<\/p>\r\n<p style=\"text-align: center;\">Des vid\u00e9os qui montrent l'\u00e9nergie, les sourires, les liens qui nous unissent dans la musique...<\/p>\r\n<p style=\"text-align: center;\">Autant d'instants de vie de notre chorale, que nous vous partageons en toute simplicit\u00e9.<\/p>\r\n[\/vc_column_text][\/vc_column][\/vc_row]","protected":false},"excerpt":{"rendered":"<p>[vc_row][vc_column][vc_column_text] Nous vous ouvrons notre tiroir \u00e0 souvenirs ! Vous y trouverez : Des photos qui figent des moments d&rsquo;\u00e9motion Des enregistrements sonores, traces sans doute imparfaites de nos concerts Des vid\u00e9os qui montrent l&rsquo;\u00e9nergie, les sourires, les liens qui nous unissent dans la musique&#8230; Autant d&rsquo;instants de vie de notre chorale, que nous vous&#8230;<\/p>\n<p><a rel=\"bookmark\" class=\"decibel-button-text wvc-button wvc-button-size-sm\" href=\"https:\/\/www.vcvl.be\/site\/medias\/\"><small class=\"wvc-button-background-fill\"><\/small><span>continuer \u00e0 lire<\/span><\/a><\/p>\n","protected":false},"author":3,"featured_media":3469,"parent":0,"menu_order":0,"comment_status":"closed","ping_status":"closed","template":"","meta":{"footnotes":""},"aioseo_notices":[],"_links":{"self":[{"href":"https:\/\/www.vcvl.be\/site\/wp-json\/wp\/v2\/pages\/3539"}],"collection":[{"href":"https:\/\/www.vcvl.be\/site\/wp-json\/wp\/v2\/pages"}],"about":[{"href":"https:\/\/www.vcvl.be\/site\/wp-json\/wp\/v2\/types\/page"}],"author":[{"embeddable":true,"href":"https:\/\/www.vcvl.be\/site\/wp-json\/wp\/v2\/users\/3"}],"replies":[{"embeddable":true,"href":"https:\/\/www.vcvl.be\/site\/wp-json\/wp\/v2\/comments?post=3539"}],"version-history":[{"count":5,"href":"https:\/\/www.vcvl.be\/site\/wp-json\/wp\/v2\/pages\/3539\/revisions"}],"predecessor-version":[{"id":4432,"href":"https:\/\/www.vcvl.be\/site\/wp-json\/wp\/v2\/pages\/3539\/revisions\/4432"}],"wp:featuredmedia":[{"embeddable":true,"href":"https:\/\/www.vcvl.be\/site\/wp-json\/wp\/v2\/media\/3469"}],"wp:attachment":[{"href":"https:\/\/www.vcvl.be\/site\/wp-json\/wp\/v2\/media?parent=3539"}],"curies":[{"name":"wp","href":"https:\/\/api.w.org\/{rel}","templated":true}]}}