{"id":3548,"date":"2019-06-05T21:39:51","date_gmt":"2019-06-05T19:39:51","guid":{"rendered":"https:\/\/www.vcvl.be\/site\/?page_id=3548"},"modified":"2025-02-10T18:50:25","modified_gmt":"2025-02-10T17:50:25","slug":"comite","status":"publish","type":"page","link":"https:\/\/www.vcvl.be\/site\/presentation\/comite\/","title":{"rendered":"Le comit\u00e9"},"content":{"rendered":"<strong>Pr\u00e9sidence du comit\u00e9:<\/strong> Guy Thirionet\n\n<hr \/>\n\n<strong>Tr\u00e9sorerie:<\/strong> Christine Dupuis\n\n<hr \/>\n\n<strong>Secr\u00e9tariat:<\/strong> Nathalie\n\n<hr \/>\n\n<strong>Presse\/communication:<\/strong> Veronique\n\n<hr \/>\n\n<strong>Relations publiques:<\/strong> Christelle\n\n<hr \/>\n\n<strong>Logistique, actions et renforts en tous genres:<\/strong> Danyel, Laurence, Sebastien et Stefan.\n\n<hr \/>","protected":false},"excerpt":{"rendered":"<p>Pr\u00e9sidence du comit\u00e9: Guy Thirionet Tr\u00e9sorerie: Christine Dupuis Secr\u00e9tariat: Nathalie Presse\/communication: Veronique Relations publiques: Christelle Logistique, actions et renforts en tous genres: Danyel, Laurence, Sebastien et Stefan.<\/p>\n","protected":false},"author":3,"featured_media":3474,"parent":3524,"menu_order":0,"comment_status":"closed","ping_status":"closed","template":"","meta":{"footnotes":""},"aioseo_notices":[],"_links":{"self":[{"href":"https:\/\/www.vcvl.be\/site\/wp-json\/wp\/v2\/pages\/3548"}],"collection":[{"href":"https:\/\/www.vcvl.be\/site\/wp-json\/wp\/v2\/pages"}],"about":[{"href":"https:\/\/www.vcvl.be\/site\/wp-json\/wp\/v2\/types\/page"}],"author":[{"embeddable":true,"href":"https:\/\/www.vcvl.be\/site\/wp-json\/wp\/v2\/users\/3"}],"replies":[{"embeddable":true,"href":"https:\/\/www.vcvl.be\/site\/wp-json\/wp\/v2\/comments?post=3548"}],"version-history":[{"count":10,"href":"https:\/\/www.vcvl.be\/site\/wp-json\/wp\/v2\/pages\/3548\/revisions"}],"predecessor-version":[{"id":5370,"href":"https:\/\/www.vcvl.be\/site\/wp-json\/wp\/v2\/pages\/3548\/revisions\/5370"}],"up":[{"embeddable":true,"href":"https:\/\/www.vcvl.be\/site\/wp-json\/wp\/v2\/pages\/3524"}],"wp:featuredmedia":[{"embeddable":true,"href":"https:\/\/www.vcvl.be\/site\/wp-json\/wp\/v2\/media\/3474"}],"wp:attachment":[{"href":"https:\/\/www.vcvl.be\/site\/wp-json\/wp\/v2\/media?parent=3548"}],"curies":[{"name":"wp","href":"https:\/\/api.w.org\/{rel}","templated":true}]}}