{"id":4722,"date":"2019-10-26T15:19:12","date_gmt":"2019-10-26T13:19:12","guid":{"rendered":"https:\/\/www.vcvl.be\/site\/?page_id=4722"},"modified":"2025-02-10T18:37:36","modified_gmt":"2025-02-10T17:37:36","slug":"nous-rejoindre","status":"publish","type":"page","link":"https:\/\/www.vcvl.be\/site\/nous-rejoindre\/","title":{"rendered":"Nous rejoindre"},"content":{"rendered":"<!-- wp:paragraph -->\n<p>Nous serions ravis de vous accueillir, mais malheureusement, nous ne recrutons pas de nouveaux choristes pour le moment !<\/p>\n<!-- \/wp:paragraph -->\n\n<!-- wp:paragraph -->\n<p>Envie de nous voir avant de nous rejoindre?  R\u00e9servez d\u00e9j\u00e0 les dates des 20 et 21 d\u00e9cembre 2025 !<\/p>\n<!-- \/wp:paragraph -->\n\n<!-- wp:paragraph -->\n<p>\u00c0 bient\u00f4t !<\/p>\n<!-- \/wp:paragraph -->\n\n<!-- wp:paragraph -->\n<p>&nbsp;<\/p>\n<!-- \/wp:paragraph -->\n\n<div id=\"ConnectiveDocSignExtentionInstalled\" data-extension-version=\"1.0.4\">&nbsp;<\/div>\n<div id=\"ConnectiveDocSignExtentionInstalled\" data-extension-version=\"1.0.4\">&nbsp;<\/div>","protected":false},"excerpt":{"rendered":"<p>Nous serions ravis de vous accueillir, mais malheureusement, nous ne recrutons pas de nouveaux choristes pour le moment ! Envie de nous voir avant de nous rejoindre? R\u00e9servez d\u00e9j\u00e0 les dates des 20 et 21 d\u00e9cembre 2025 ! \u00c0 bient\u00f4t ! &nbsp; &nbsp; &nbsp;<\/p>\n","protected":false},"author":3,"featured_media":2390,"parent":0,"menu_order":0,"comment_status":"closed","ping_status":"closed","template":"","meta":{"footnotes":""},"aioseo_notices":[],"_links":{"self":[{"href":"https:\/\/www.vcvl.be\/site\/wp-json\/wp\/v2\/pages\/4722"}],"collection":[{"href":"https:\/\/www.vcvl.be\/site\/wp-json\/wp\/v2\/pages"}],"about":[{"href":"https:\/\/www.vcvl.be\/site\/wp-json\/wp\/v2\/types\/page"}],"author":[{"embeddable":true,"href":"https:\/\/www.vcvl.be\/site\/wp-json\/wp\/v2\/users\/3"}],"replies":[{"embeddable":true,"href":"https:\/\/www.vcvl.be\/site\/wp-json\/wp\/v2\/comments?post=4722"}],"version-history":[{"count":5,"href":"https:\/\/www.vcvl.be\/site\/wp-json\/wp\/v2\/pages\/4722\/revisions"}],"predecessor-version":[{"id":5368,"href":"https:\/\/www.vcvl.be\/site\/wp-json\/wp\/v2\/pages\/4722\/revisions\/5368"}],"wp:featuredmedia":[{"embeddable":true,"href":"https:\/\/www.vcvl.be\/site\/wp-json\/wp\/v2\/media\/2390"}],"wp:attachment":[{"href":"https:\/\/www.vcvl.be\/site\/wp-json\/wp\/v2\/media?parent=4722"}],"curies":[{"name":"wp","href":"https:\/\/api.w.org\/{rel}","templated":true}]}}