{"id":538,"date":"2012-08-29T10:50:59","date_gmt":"2012-08-29T08:50:59","guid":{"rendered":"http:\/\/www.vcvl.be\/site\/?page_id=538"},"modified":"2019-09-19T23:52:31","modified_gmt":"2019-09-19T21:52:31","slug":"nos-photos","status":"publish","type":"page","link":"https:\/\/www.vcvl.be\/site\/medias\/nos-photos\/","title":{"rendered":"Nos photos"},"content":{"rendered":"Vous pouvez avoir acc\u00e8s \u00e0 nos galeries photos en d\u00e9roulant le menu \"Photos\".","protected":false},"excerpt":{"rendered":"<p>Vous pouvez avoir acc\u00e8s \u00e0 nos galeries photos en d\u00e9roulant le menu \u00ab\u00a0Photos\u00a0\u00bb.<\/p>\n","protected":false},"author":1,"featured_media":1165,"parent":3539,"menu_order":0,"comment_status":"closed","ping_status":"closed","template":"","meta":{"footnotes":""},"aioseo_notices":[],"_links":{"self":[{"href":"https:\/\/www.vcvl.be\/site\/wp-json\/wp\/v2\/pages\/538"}],"collection":[{"href":"https:\/\/www.vcvl.be\/site\/wp-json\/wp\/v2\/pages"}],"about":[{"href":"https:\/\/www.vcvl.be\/site\/wp-json\/wp\/v2\/types\/page"}],"author":[{"embeddable":true,"href":"https:\/\/www.vcvl.be\/site\/wp-json\/wp\/v2\/users\/1"}],"replies":[{"embeddable":true,"href":"https:\/\/www.vcvl.be\/site\/wp-json\/wp\/v2\/comments?post=538"}],"version-history":[{"count":1,"href":"https:\/\/www.vcvl.be\/site\/wp-json\/wp\/v2\/pages\/538\/revisions"}],"predecessor-version":[{"id":3977,"href":"https:\/\/www.vcvl.be\/site\/wp-json\/wp\/v2\/pages\/538\/revisions\/3977"}],"up":[{"embeddable":true,"href":"https:\/\/www.vcvl.be\/site\/wp-json\/wp\/v2\/pages\/3539"}],"wp:featuredmedia":[{"embeddable":true,"href":"https:\/\/www.vcvl.be\/site\/wp-json\/wp\/v2\/media\/1165"}],"wp:attachment":[{"href":"https:\/\/www.vcvl.be\/site\/wp-json\/wp\/v2\/media?parent=538"}],"curies":[{"name":"wp","href":"https:\/\/api.w.org\/{rel}","templated":true}]}}