{"id":5523,"date":"2026-03-19T14:24:02","date_gmt":"2026-03-19T13:24:02","guid":{"rendered":"https:\/\/www.vcvl.be\/site\/?page_id=5523"},"modified":"2026-03-19T14:40:49","modified_gmt":"2026-03-19T13:40:49","slug":"prochain-concert","status":"publish","type":"page","link":"https:\/\/www.vcvl.be\/site\/prochain-concert\/","title":{"rendered":"Prochain concert"},"content":{"rendered":"<!-- wp:heading {\"level\":1} -->\n<h1 class=\"wp-block-heading\">Concert Voix-Ci Voix-L\u00e0 avec le Choeur \u2018Lador\u00e9\u2019<\/h1>\n<!-- \/wp:heading -->\n\n<!-- wp:heading -->\n<h2 class=\"wp-block-heading\">24 mai 2026 \u00e0 17 h au Th\u00e9\u00e2tre de Sambreville<\/h2>\n<!-- \/wp:heading -->\n\n<!-- wp:paragraph -->\n<p><a href=\"https:\/\/www.vcvl.be\/site\/event\/concert-vcvl-avec-le-choeur-ladore\/\" title=\"\"><strong>R\u00e9servations<\/strong><\/a><\/p>\n<!-- \/wp:paragraph -->","protected":false},"excerpt":{"rendered":"<p>Concert Voix-Ci Voix-L\u00e0 avec le Choeur \u2018Lador\u00e9\u2019 24 mai 2026 \u00e0 17 h au Th\u00e9\u00e2tre de Sambreville R\u00e9servations<\/p>\n","protected":false},"author":3,"featured_media":0,"parent":0,"menu_order":0,"comment_status":"closed","ping_status":"closed","template":"","meta":{"footnotes":""},"aioseo_notices":[],"_links":{"self":[{"href":"https:\/\/www.vcvl.be\/site\/wp-json\/wp\/v2\/pages\/5523"}],"collection":[{"href":"https:\/\/www.vcvl.be\/site\/wp-json\/wp\/v2\/pages"}],"about":[{"href":"https:\/\/www.vcvl.be\/site\/wp-json\/wp\/v2\/types\/page"}],"author":[{"embeddable":true,"href":"https:\/\/www.vcvl.be\/site\/wp-json\/wp\/v2\/users\/3"}],"replies":[{"embeddable":true,"href":"https:\/\/www.vcvl.be\/site\/wp-json\/wp\/v2\/comments?post=5523"}],"version-history":[{"count":9,"href":"https:\/\/www.vcvl.be\/site\/wp-json\/wp\/v2\/pages\/5523\/revisions"}],"predecessor-version":[{"id":5535,"href":"https:\/\/www.vcvl.be\/site\/wp-json\/wp\/v2\/pages\/5523\/revisions\/5535"}],"wp:attachment":[{"href":"https:\/\/www.vcvl.be\/site\/wp-json\/wp\/v2\/media?parent=5523"}],"curies":[{"name":"wp","href":"https:\/\/api.w.org\/{rel}","templated":true}]}}