{"id":6,"date":"2012-02-17T17:38:52","date_gmt":"2012-02-17T16:38:52","guid":{"rendered":"http:\/\/www.vcvl.be\/site\/?page_id=6"},"modified":"2019-09-28T14:18:29","modified_gmt":"2019-09-28T12:18:29","slug":"historique","status":"publish","type":"page","link":"https:\/\/www.vcvl.be\/site\/presentation\/historique\/","title":{"rendered":"Historique"},"content":{"rendered":"[vc_row][vc_column width=\"1\/6\" ][\/vc_column][vc_column width=\"2\/3\" ][vc_column_text]C'est en 1995 qu'Arianne Plangar, fra\u00eechement dipl\u00f4m\u00e9e de l'IMEP (Institut sup\u00e9rieur de musique et de p\u00e9dagogie, \u00e0 Namur), d\u00e9cide de cr\u00e9er une chorale. Chaque semaine, elle r\u00e9unit autour d'elle plus de 80 choristes amateurs, hommes et femmes de tous \u00e2ges, qui se retrouvent pour partager leur amour du chant.\r\n\r\nAvec son dynamisme, son grand talent, sa cr\u00e9ativit\u00e9, beaucoup de d\u00e9vouement et d'exigence, Arianne Plangar fait progresser son choeur, lui lan\u00e7ant sans cesse de nouveaux d\u00e9fis, l'emmenant vers des horizons inattendus.\r\n\r\nLes concerts rassemblent un public toujours plus nombreux qui appr\u00e9cie non seulement la qualit\u00e9 et l\u2019harmonie des voix, l\u2019\u00e9clectisme du r\u00e9pertoire, mais aussi la mise en sc\u00e8ne. Cette dynamique vise un double objectif : mettre pleinement en valeur les chants interpr\u00e9t\u00e9s et montrer qu\u2019une chorale, contrairement aux id\u00e9es re\u00e7ues, n\u2019est pas un ensemble statique.\r\n\r\nDans sa malle \u00e0 souvenirs, la chorale Voix-Ci Voix-L\u00e0 a de plus en plus de tr\u00e9sors. Il y a notamment la rencontre avec Yves Duteil, venu partager la sc\u00e8ne de La Marlagne avec elle en 2007. Des concerts au Luxembourg, \u00e0 Dijon, dans le Beaujolais, \u00e0 Bozar... Le concert de ses 15 ans avec un quatuor \u00e0 cordes. Des \u00e9changes et des partages avec d'autres chorales comme la Sarteline, Polyfolies, la Sardane, la Villanelle, Oxies... Le concert de ses 20 ans, What's up, jou\u00e9 six fois, devant un total de plus de 2500 personnes... Et puis Utopia, ancr\u00e9 dans un contexte d'attentats, de mont\u00e9e d'id\u00e9es radicales et d'accueil de r\u00e9fugi\u00e9s, un spectacle porteur d'\u00e9motions fortes, de questionnements mais aussi d'espoir... Enfin, dans un autre style : en 2018 et 2019, au th\u00e9\u00e2tre royal de Namur et dans la coll\u00e9giale de Dinant, Voix-Ci Voix-L\u00e0 a\u00a0 particip\u00e9 \u00e0 des concerts exceptionnels, Classics of film musics, avec les musiciens de la Concorde et les choristes de la Vaubane: 200 musiciens et chanteurs sur sc\u00e8ne, c'\u00e9tait un grand moment !\r\n\r\nVoix-Ci Voix-L\u00e0 poursuit sa route pleine de surprises passionnantes et d'enthousiasme musical.[\/vc_column_text][\/vc_column][vc_column width=\"1\/6\" ][\/vc_column][\/vc_row]","protected":false},"excerpt":{"rendered":"<p>[vc_row][vc_column width=\u00a0\u00bb1\/6&Prime; ][\/vc_column][vc_column width=\u00a0\u00bb2\/3&Prime; ][vc_column_text]C&rsquo;est en 1995 qu&rsquo;Arianne Plangar, fra\u00eechement dipl\u00f4m\u00e9e de l&rsquo;IMEP (Institut sup\u00e9rieur de musique et de p\u00e9dagogie, \u00e0 Namur), d\u00e9cide de cr\u00e9er une chorale. Chaque semaine, elle r\u00e9unit autour d&rsquo;elle plus de 80 choristes amateurs, hommes et femmes de tous \u00e2ges, qui se retrouvent pour partager leur amour du chant. Avec son&#8230;<\/p>\n<p><a rel=\"bookmark\" class=\"decibel-button-text wvc-button wvc-button-size-sm\" href=\"https:\/\/www.vcvl.be\/site\/presentation\/historique\/\"><small class=\"wvc-button-background-fill\"><\/small><span>continuer \u00e0 lire<\/span><\/a><\/p>\n","protected":false},"author":1,"featured_media":1199,"parent":3524,"menu_order":1,"comment_status":"closed","ping_status":"open","template":"","meta":{"footnotes":""},"aioseo_notices":[],"_links":{"self":[{"href":"https:\/\/www.vcvl.be\/site\/wp-json\/wp\/v2\/pages\/6"}],"collection":[{"href":"https:\/\/www.vcvl.be\/site\/wp-json\/wp\/v2\/pages"}],"about":[{"href":"https:\/\/www.vcvl.be\/site\/wp-json\/wp\/v2\/types\/page"}],"author":[{"embeddable":true,"href":"https:\/\/www.vcvl.be\/site\/wp-json\/wp\/v2\/users\/1"}],"replies":[{"embeddable":true,"href":"https:\/\/www.vcvl.be\/site\/wp-json\/wp\/v2\/comments?post=6"}],"version-history":[{"count":9,"href":"https:\/\/www.vcvl.be\/site\/wp-json\/wp\/v2\/pages\/6\/revisions"}],"predecessor-version":[{"id":4633,"href":"https:\/\/www.vcvl.be\/site\/wp-json\/wp\/v2\/pages\/6\/revisions\/4633"}],"up":[{"embeddable":true,"href":"https:\/\/www.vcvl.be\/site\/wp-json\/wp\/v2\/pages\/3524"}],"wp:featuredmedia":[{"embeddable":true,"href":"https:\/\/www.vcvl.be\/site\/wp-json\/wp\/v2\/media\/1199"}],"wp:attachment":[{"href":"https:\/\/www.vcvl.be\/site\/wp-json\/wp\/v2\/media?parent=6"}],"curies":[{"name":"wp","href":"https:\/\/api.w.org\/{rel}","templated":true}]}}