{"id":9,"date":"2012-02-17T17:42:42","date_gmt":"2012-02-17T16:42:42","guid":{"rendered":"http:\/\/www.vcvl.be\/site\/?page_id=9"},"modified":"2026-02-12T23:25:11","modified_gmt":"2026-02-12T22:25:11","slug":"agenda","status":"publish","type":"page","link":"https:\/\/www.vcvl.be\/site\/agenda-2\/agenda\/","title":{"rendered":"Nos derniers concerts"},"content":{"rendered":"[vc_row][vc_column][vc_column_text]NOS DERNIERS CONCERTS:\r\n\r\n<em>\u2022\u00a0<strong>Les 20 et 21 d\u00e9cembre 2025 - Perles\r\n<\/strong>\"Perles\", 3 concerts pour f\u00eater les 30 ans de Voix Ci Voix L\u00e0, au Delta \u00e0 Namur.<strong>\r\n<\/strong><\/em>\r\n\r\n<em><strong>. Le 2 juin 2024<\/strong>\r\nVoix-Ci Voix-L\u00e0 chante au profit du Foyer Les Colverts dans la Chapelle Musicale de Malonne<\/em>\r\n\r\n<em>\u2022 <strong>Le 17 d\u00e9cembre 2023<\/strong>\r\nVoix-Ci Voix-L\u00e0 est invit\u00e9 par le choeur de femmes S'Nana au Centre Culturel de Welkenraet<\/em>\r\n\r\n<em>\u2022 <strong>Le 10 d\u00e9cembre 2023<\/strong>\r\nVoix-Ci Voix-L\u00e0 pr\u00e9sente \"Je vous parle d'un temps\", au Centre Culturel de Rochefort<\/em>\r\n\r\n<em>\u2022 <strong>Les 10, 11 et 17 juin 2023<\/strong>\r\nVoix-Ci Voix-L\u00e0 pr\u00e9sente trois fois \"Je vous parle d'un temps\", \u00e0 La Marlagne\r\n<\/em>\r\n\r\n<em><strong>\u2022 Les 20 et 21 novembre 2021<\/strong><\/em>\r\nOn a eu l'immense plaisir de partager la sc\u00e8ne avec La Kyrielle pour deux concerts 'Essentiel'.\r\n<div class=\"page\" title=\"Page 1\">\r\n<div class=\"layoutArea\">\r\n<div class=\"column\">\r\n\r\n<em>\u2022 <strong>Le 31 mars 2019<\/strong>\r\nDeuxi\u00e8me repr\u00e9sentation de Classics of Film Musics, avec la Concorde et la Vaubane. Cette fois, nous chantions \u00e0 la coll\u00e9giale de Dinant.\r\n<\/em>\r\n\r\n<em>\u2022<strong> Le 15 d\u00e9cembre 2018<\/strong>\r\nVoix-Ci Voix-L\u00e0 a fait jouer son jukebox au centre culturel de Bi\u00e8vre.\r\n<\/em>\r\n\r\n<strong><em>\u2022 Le 10 d\u00e9cembre 2018\r\n<\/em><\/strong><em> Voix-Ci Voix-L\u00e0 a particip\u00e9 au concert Classics of Film Musics avec la Vaubane et la Corcorde au th\u00e9\u00e2tre royal de Namur.\r\n<\/em>\r\n\r\n<em><strong>\u2022 Les 10 et 11 novembre 2018\r\n<\/strong>Voix-Ci Voix-L\u00e0 a pr\u00e9sent\u00e9 son spectacle Jukebox\u00a0avec le choeur d'hommes Voidum de Bourg-en Bresse et le choeur de femmes S'Nana de Aubel, au Centre Culturel de La Marlagne, \u00e0 W\u00e9pion (Namur).<\/em>\r\n\r\n<i>\u2022 <\/i><strong style=\"font-style: italic;\">Le\u00a028 octobre 2018\r\n<\/strong><i>Voix-Ci Voix-L\u00e0 a pr\u00e9sent\u00e9 son spectacle Utopia au Centre Culturel l'Ecrin \u00e0 Eghez\u00e9e.<\/i>\r\n\r\n<i>\u2022 <\/i><strong style=\"font-style: italic;\">Le\u00a025 octobre\u00a02018\r\n<\/strong><i>Voix-Ci Voix-L\u00e0 a \u00e9t\u00e9 invit\u00e9 \u00e0 pr\u00e9senter son spectacle Utopia au Centre Culturel Les Roches\u00a0, \u00e0 Rochefort.<\/i>\r\n\r\n<em><i>\u2022 <\/i><strong>Le 30 juin 2018\r\n<\/strong><\/em>Voix-Ci Voix-L\u00e0 a fait la premi\u00e8re partie du concert de Plein le choeur \u00e0 Namur.\r\n\r\n<em><i>\u2022 <\/i><strong>Le 27 mai 2018\r\n<\/strong><\/em>Voix-Ci Voix-L\u00e0 a particip\u00e9 au festival Namur en Choeur en chantant sur la place d'Armes.\r\n\r\n<em>\u2022 <strong>Les 12, 18 et 19 novembre 2017\r\n<\/strong>Voix-Ci Voix-L\u00e0 a pr\u00e9sent\u00e9 son spectacle Utopia au centre culturel de La Marlagne, \u00e0 W\u00e9pion (Namur).\r\n<\/em>\r\n\r\n<em>\u2022 <strong>Dimanche 21 mai 2017\r\n<\/strong>Voix-Ci Voix-L\u00e0 a \u00e9t\u00e9 invit\u00e9 \u00e0 chanter avec les Clac'sons \u00e0 Bozar, dans le cadre du festival Singing Brussels.<\/em>\r\n\r\n<em>\u2022\u00a0<strong>Samedi 18 f\u00e9vrier 2017<\/strong><\/em>\r\n<em>Voix-Ci Voix-L\u00e0 a particip\u00e9 \u00e0 la soir\u00e9e Ch\u0153urs-Crois\u00e9s, \u00e0 Bruxelles, avec Vox Anima et Good Vibration.<\/em>\r\n\r\n<\/div>\r\n<\/div>\r\n<\/div>\r\n<em>\u2022\u00a0<strong>Samedi 19 et dimanche 20 novembre 2016<\/strong><\/em>\r\n<em>Voix-Ci Voix-L\u00e0 a donn\u00e9 deux concerts avec Kava-Kava au Centre Culturel de La Marlagne \u00e0 W\u00e9pion.<\/em>\r\n\r\n<em>\u2022\u00a0<strong>Samedi 8 octobre\u00a02016\r\n<\/strong>L'association Domisum a invit\u00e9 la chorale Voix-Ci Voix-L\u00e0 pour un concert au profit de ses oeuvres au Centre Culturel d'Ottignies.<\/em>\r\n\r\n<em>\u2022\u00a0<strong>Samedi 24 septembre\u00a02016 - Namur en ch\u0153ur\r\n<\/strong>La chorale Voix-Ci Voix-L\u00e0 a particip\u00e9 au Festival \"Namur en ch\u0153ur\".<\/em>\r\n\r\n<strong><em>\u2022 Dimanche 18 septembre 2016 :<\/em><\/strong>\r\n<em>Voix-Ci Voix-L\u00e0 a particip\u00e9 aux c\u00e9r\u00e9monies officielles lors des F\u00eates de Wallonie.<\/em>\r\n\r\n<em>\u2022\u00a0<strong>Mardi 28\u00a0juin\u00a02016\r\n<\/strong><\/em><em>Voix Ci Voix L\u00e0 a offert un\u00a0concert\u00a0aux r\u00e9fugi\u00e9s du centre d'accueil de Belgrade (Namur).<\/em>\r\n\r\n<em>\u2022\u00a0<strong>Vendredi 17 juin\u00a02016\r\n<\/strong><\/em><em>Voix Ci Voix L\u00e0 a particip\u00e9 au concert-\u00e9v\u00e9nement en soutien \u00e0 Marie-C\u00e9line Warnier \u00e0 Malonne.<\/em><em><strong>\r\n<\/strong><\/em>\r\n\r\n<em>\u2022 <strong>Samedi 30 avril &amp; Dimanche\u00a01er mai 2016<\/strong><\/em>\r\n<em>Les organisateurs de l\u2019\u00e9dition 2016 de\u00a0la F\u00eate des crus du Beaujolais\u00a0ont invit\u00e9 Voix Ci Voix L\u00e0 pour deux concerts\u00a0\u00e0 R\u00e9gni\u00e9-Durette.<\/em>\r\n\r\n<em>\u2022\u00a0<strong>Dimanche\u00a014 f\u00e9vrier 2016 \u00e0 14h30 &amp; 20h - What's Up?\r\n<\/strong>\"What's Up?\", concert des 20 ans de Voix Ci Voix L\u00e0, au Centre Culturel de la Marlagne \u00e0 W\u00e9pion.\r\n<\/em>[\/vc_column_text][\/vc_column][\/vc_row]","protected":false},"excerpt":{"rendered":"<p>[vc_row][vc_column][vc_column_text]NOS DERNIERS CONCERTS: \u2022\u00a0Les 20 et 21 d\u00e9cembre 2025 &#8211; Perles \u00ab\u00a0Perles\u00a0\u00bb, 3 concerts pour f\u00eater les 30 ans de Voix Ci Voix L\u00e0, au Delta \u00e0 Namur. . Le 2 juin 2024 Voix-Ci Voix-L\u00e0 chante au profit du Foyer Les Colverts dans la Chapelle Musicale de Malonne \u2022 Le 17 d\u00e9cembre 2023 Voix-Ci Voix-L\u00e0&#8230;<\/p>\n<p><a rel=\"bookmark\" class=\"decibel-button-text wvc-button wvc-button-size-sm\" href=\"https:\/\/www.vcvl.be\/site\/agenda-2\/agenda\/\"><small class=\"wvc-button-background-fill\"><\/small><span>continuer \u00e0 lire<\/span><\/a><\/p>\n","protected":false},"author":1,"featured_media":3454,"parent":452,"menu_order":2,"comment_status":"closed","ping_status":"open","template":"","meta":{"footnotes":""},"aioseo_notices":[],"_links":{"self":[{"href":"https:\/\/www.vcvl.be\/site\/wp-json\/wp\/v2\/pages\/9"}],"collection":[{"href":"https:\/\/www.vcvl.be\/site\/wp-json\/wp\/v2\/pages"}],"about":[{"href":"https:\/\/www.vcvl.be\/site\/wp-json\/wp\/v2\/types\/page"}],"author":[{"embeddable":true,"href":"https:\/\/www.vcvl.be\/site\/wp-json\/wp\/v2\/users\/1"}],"replies":[{"embeddable":true,"href":"https:\/\/www.vcvl.be\/site\/wp-json\/wp\/v2\/comments?post=9"}],"version-history":[{"count":10,"href":"https:\/\/www.vcvl.be\/site\/wp-json\/wp\/v2\/pages\/9\/revisions"}],"predecessor-version":[{"id":5462,"href":"https:\/\/www.vcvl.be\/site\/wp-json\/wp\/v2\/pages\/9\/revisions\/5462"}],"up":[{"embeddable":true,"href":"https:\/\/www.vcvl.be\/site\/wp-json\/wp\/v2\/pages\/452"}],"wp:featuredmedia":[{"embeddable":true,"href":"https:\/\/www.vcvl.be\/site\/wp-json\/wp\/v2\/media\/3454"}],"wp:attachment":[{"href":"https:\/\/www.vcvl.be\/site\/wp-json\/wp\/v2\/media?parent=9"}],"curies":[{"name":"wp","href":"https:\/\/api.w.org\/{rel}","templated":true}]}}